{"id":3235,"date":"2023-03-21T14:03:51","date_gmt":"2023-03-21T14:03:51","guid":{"rendered":"https:\/\/doslovic.com\/proizvod\/unkategorisiert\/lavendelherz-lily-mittel\/"},"modified":"2023-03-21T14:03:51","modified_gmt":"2023-03-21T14:03:51","slug":"lavendelherz-lily-mittel","status":"publish","type":"product","link":"https:\/\/doslovic.com\/de\/produkt\/lavendelbeutel\/lavendelherz-lily-mittel\/","title":{"rendered":"Lavendelherz Lily mittel"},"content":{"rendered":"","protected":false},"excerpt":{"rendered":"<p>12x14cm<br \/>\n20g Lavendel<br \/>\nDekorative Schnur, dekorative Au\u00dfenr\u00e4nder im Zickzack<\/p>\n","protected":false},"featured_media":3230,"template":"","meta":[],"product_brand":[],"product_cat":[88],"product_tag":[],"class_list":{"0":"post-3235","1":"product","2":"type-product","3":"status-publish","4":"has-post-thumbnail","6":"product_cat-lavendelbeutel","8":"first","9":"instock","10":"shipping-taxable","11":"purchasable","12":"product-type-simple"},"yoast_head":"<!-- This site is optimized with the Yoast SEO plugin v26.5 - https:\/\/yoast.com\/wordpress\/plugins\/seo\/ -->\n<title>Lavendelherz Lily mittel - Do\u0161lovi\u0107<\/title>\n<meta name=\"robots\" content=\"index, follow, max-snippet:-1, max-image-preview:large, max-video-preview:-1\" \/>\n<link rel=\"canonical\" href=\"https:\/\/doslovic.com\/de\/produkt\/unkategorisiert\/lavendelherz-lily-mittel\/\" \/>\n<meta property=\"og:locale\" content=\"de_DE\" \/>\n<meta property=\"og:type\" content=\"article\" \/>\n<meta property=\"og:title\" content=\"Lavendelherz Lily mittel - Do\u0161lovi\u0107\" \/>\n<meta property=\"og:description\" content=\"12x14cm 20g Lavendel Dekorative Schnur, dekorative Au\u00dfenr\u00e4nder im Zickzack\" \/>\n<meta property=\"og:url\" content=\"https:\/\/doslovic.com\/de\/produkt\/unkategorisiert\/lavendelherz-lily-mittel\/\" \/>\n<meta property=\"og:site_name\" content=\"Do\u0161lovi\u0107\" \/>\n<meta property=\"og:image\" content=\"https:\/\/doslovic.com\/wp-content\/uploads\/2023\/03\/Mirisno-srce-lavande-Lily-srednje.jpg\" \/>\n\t<meta property=\"og:image:width\" content=\"1024\" \/>\n\t<meta property=\"og:image:height\" content=\"1024\" \/>\n\t<meta property=\"og:image:type\" content=\"image\/jpeg\" \/>\n<meta name=\"twitter:card\" content=\"summary_large_image\" \/>\n<script type=\"application\/ld+json\" class=\"yoast-schema-graph\">{\"@context\":\"https:\/\/schema.org\",\"@graph\":[{\"@type\":\"WebPage\",\"@id\":\"https:\/\/doslovic.com\/de\/produkt\/unkategorisiert\/lavendelherz-lily-mittel\/\",\"url\":\"https:\/\/doslovic.com\/de\/produkt\/unkategorisiert\/lavendelherz-lily-mittel\/\",\"name\":\"Lavendelherz Lily mittel - Do\u0161lovi\u0107\",\"isPartOf\":{\"@id\":\"https:\/\/doslovic.com\/#website\"},\"primaryImageOfPage\":{\"@id\":\"https:\/\/doslovic.com\/de\/produkt\/unkategorisiert\/lavendelherz-lily-mittel\/#primaryimage\"},\"image\":{\"@id\":\"https:\/\/doslovic.com\/de\/produkt\/unkategorisiert\/lavendelherz-lily-mittel\/#primaryimage\"},\"thumbnailUrl\":\"https:\/\/doslovic.com\/wp-content\/uploads\/2023\/03\/Mirisno-srce-lavande-Lily-srednje.jpg\",\"datePublished\":\"2023-03-21T14:03:51+00:00\",\"breadcrumb\":{\"@id\":\"https:\/\/doslovic.com\/de\/produkt\/unkategorisiert\/lavendelherz-lily-mittel\/#breadcrumb\"},\"inLanguage\":\"de\",\"potentialAction\":[{\"@type\":\"ReadAction\",\"target\":[\"https:\/\/doslovic.com\/de\/produkt\/unkategorisiert\/lavendelherz-lily-mittel\/\"]}]},{\"@type\":\"ImageObject\",\"inLanguage\":\"de\",\"@id\":\"https:\/\/doslovic.com\/de\/produkt\/unkategorisiert\/lavendelherz-lily-mittel\/#primaryimage\",\"url\":\"https:\/\/doslovic.com\/wp-content\/uploads\/2023\/03\/Mirisno-srce-lavande-Lily-srednje.jpg\",\"contentUrl\":\"https:\/\/doslovic.com\/wp-content\/uploads\/2023\/03\/Mirisno-srce-lavande-Lily-srednje.jpg\",\"width\":1024,\"height\":1024,\"caption\":\"Lavendelherz Lily mittel\"},{\"@type\":\"BreadcrumbList\",\"@id\":\"https:\/\/doslovic.com\/de\/produkt\/unkategorisiert\/lavendelherz-lily-mittel\/#breadcrumb\",\"itemListElement\":[{\"@type\":\"ListItem\",\"position\":1,\"name\":\"Home\",\"item\":\"https:\/\/doslovic.com\/de\/\"},{\"@type\":\"ListItem\",\"position\":2,\"name\":\"Trgovina\",\"item\":\"https:\/\/doslovic.com\/trgovina\/\"},{\"@type\":\"ListItem\",\"position\":3,\"name\":\"Lavendelherz Lily mittel\"}]},{\"@type\":\"WebSite\",\"@id\":\"https:\/\/doslovic.com\/#website\",\"url\":\"https:\/\/doslovic.com\/\",\"name\":\"Do\u0161lovi\u0107\",\"description\":\"\",\"potentialAction\":[{\"@type\":\"SearchAction\",\"target\":{\"@type\":\"EntryPoint\",\"urlTemplate\":\"https:\/\/doslovic.com\/?s={search_term_string}\"},\"query-input\":{\"@type\":\"PropertyValueSpecification\",\"valueRequired\":true,\"valueName\":\"search_term_string\"}}],\"inLanguage\":\"de\"}]}<\/script>\n<!-- \/ Yoast SEO plugin. -->","yoast_head_json":{"title":"Lavendelherz Lily mittel - Do\u0161lovi\u0107","robots":{"index":"index","follow":"follow","max-snippet":"max-snippet:-1","max-image-preview":"max-image-preview:large","max-video-preview":"max-video-preview:-1"},"canonical":"https:\/\/doslovic.com\/de\/produkt\/unkategorisiert\/lavendelherz-lily-mittel\/","og_locale":"de_DE","og_type":"article","og_title":"Lavendelherz Lily mittel - Do\u0161lovi\u0107","og_description":"12x14cm 20g Lavendel Dekorative Schnur, dekorative Au\u00dfenr\u00e4nder im Zickzack","og_url":"https:\/\/doslovic.com\/de\/produkt\/unkategorisiert\/lavendelherz-lily-mittel\/","og_site_name":"Do\u0161lovi\u0107","og_image":[{"width":1024,"height":1024,"url":"https:\/\/doslovic.com\/wp-content\/uploads\/2023\/03\/Mirisno-srce-lavande-Lily-srednje.jpg","type":"image\/jpeg"}],"twitter_card":"summary_large_image","schema":{"@context":"https:\/\/schema.org","@graph":[{"@type":"WebPage","@id":"https:\/\/doslovic.com\/de\/produkt\/unkategorisiert\/lavendelherz-lily-mittel\/","url":"https:\/\/doslovic.com\/de\/produkt\/unkategorisiert\/lavendelherz-lily-mittel\/","name":"Lavendelherz Lily mittel - Do\u0161lovi\u0107","isPartOf":{"@id":"https:\/\/doslovic.com\/#website"},"primaryImageOfPage":{"@id":"https:\/\/doslovic.com\/de\/produkt\/unkategorisiert\/lavendelherz-lily-mittel\/#primaryimage"},"image":{"@id":"https:\/\/doslovic.com\/de\/produkt\/unkategorisiert\/lavendelherz-lily-mittel\/#primaryimage"},"thumbnailUrl":"https:\/\/doslovic.com\/wp-content\/uploads\/2023\/03\/Mirisno-srce-lavande-Lily-srednje.jpg","datePublished":"2023-03-21T14:03:51+00:00","breadcrumb":{"@id":"https:\/\/doslovic.com\/de\/produkt\/unkategorisiert\/lavendelherz-lily-mittel\/#breadcrumb"},"inLanguage":"de","potentialAction":[{"@type":"ReadAction","target":["https:\/\/doslovic.com\/de\/produkt\/unkategorisiert\/lavendelherz-lily-mittel\/"]}]},{"@type":"ImageObject","inLanguage":"de","@id":"https:\/\/doslovic.com\/de\/produkt\/unkategorisiert\/lavendelherz-lily-mittel\/#primaryimage","url":"https:\/\/doslovic.com\/wp-content\/uploads\/2023\/03\/Mirisno-srce-lavande-Lily-srednje.jpg","contentUrl":"https:\/\/doslovic.com\/wp-content\/uploads\/2023\/03\/Mirisno-srce-lavande-Lily-srednje.jpg","width":1024,"height":1024,"caption":"Lavendelherz Lily mittel"},{"@type":"BreadcrumbList","@id":"https:\/\/doslovic.com\/de\/produkt\/unkategorisiert\/lavendelherz-lily-mittel\/#breadcrumb","itemListElement":[{"@type":"ListItem","position":1,"name":"Home","item":"https:\/\/doslovic.com\/de\/"},{"@type":"ListItem","position":2,"name":"Trgovina","item":"https:\/\/doslovic.com\/trgovina\/"},{"@type":"ListItem","position":3,"name":"Lavendelherz Lily mittel"}]},{"@type":"WebSite","@id":"https:\/\/doslovic.com\/#website","url":"https:\/\/doslovic.com\/","name":"Do\u0161lovi\u0107","description":"","potentialAction":[{"@type":"SearchAction","target":{"@type":"EntryPoint","urlTemplate":"https:\/\/doslovic.com\/?s={search_term_string}"},"query-input":{"@type":"PropertyValueSpecification","valueRequired":true,"valueName":"search_term_string"}}],"inLanguage":"de"}]}},"_links":{"self":[{"href":"https:\/\/doslovic.com\/de\/wp-json\/wp\/v2\/product\/3235","targetHints":{"allow":["GET"]}}],"collection":[{"href":"https:\/\/doslovic.com\/de\/wp-json\/wp\/v2\/product"}],"about":[{"href":"https:\/\/doslovic.com\/de\/wp-json\/wp\/v2\/types\/product"}],"wp:featuredmedia":[{"embeddable":true,"href":"https:\/\/doslovic.com\/de\/wp-json\/wp\/v2\/media\/3230"}],"wp:attachment":[{"href":"https:\/\/doslovic.com\/de\/wp-json\/wp\/v2\/media?parent=3235"}],"wp:term":[{"taxonomy":"product_brand","embeddable":true,"href":"https:\/\/doslovic.com\/de\/wp-json\/wp\/v2\/product_brand?post=3235"},{"taxonomy":"product_cat","embeddable":true,"href":"https:\/\/doslovic.com\/de\/wp-json\/wp\/v2\/product_cat?post=3235"},{"taxonomy":"product_tag","embeddable":true,"href":"https:\/\/doslovic.com\/de\/wp-json\/wp\/v2\/product_tag?post=3235"}],"curies":[{"name":"wp","href":"https:\/\/api.w.org\/{rel}","templated":true}]}}