{"id":2834,"date":"2022-11-07T14:37:05","date_gmt":"2022-11-07T14:38:49","guid":{"rendered":"https:\/\/doslovic.com\/?post_type=product&#038;p=2834"},"modified":"2023-01-11T10:34:57","modified_gmt":"2023-01-11T10:34:57","slug":"kissen-3780","status":"publish","type":"product","link":"https:\/\/doslovic.com\/de\/produkt\/lavendelbeutel\/kissen-3780\/","title":{"rendered":"Kissen 3780"},"content":{"rendered":"","protected":false},"excerpt":{"rendered":"<p>25x40cm<br \/>\nDuftende und personalisierte Kissen mit bedruckten individuellen Fotos nach Ihren W\u00fcnschen f\u00fcr eine stressfreie und entspannte Nacht. Zudem ist es eine sch\u00f6ne Dekoration f\u00fcr jeden Wohnraum.<br \/>\nDie Duftkissen sind mit Watte bef\u00fchlt und dem duftenden Lavendelbl\u00fcten, die aus nachhaltigen Anbau stammen und den europ\u00e4ischen BIO Standard erf\u00fcllen.<br \/>\nDas eigentliche Kissen ist auch aus nachhaltigen Materialien produziert und besteht aus 100% Baumwolle.<\/p>\n","protected":false},"featured_media":2830,"template":"","meta":[],"product_brand":[],"product_cat":[88],"product_tag":[],"class_list":{"0":"post-2834","1":"product","2":"type-product","3":"status-publish","4":"has-post-thumbnail","6":"product_cat-lavendelbeutel","8":"first","9":"instock","10":"shipping-taxable","11":"purchasable","12":"product-type-simple"},"yoast_head":"<!-- This site is optimized with the Yoast SEO plugin v26.5 - https:\/\/yoast.com\/wordpress\/plugins\/seo\/ -->\n<title>Kissen 3780 - Do\u0161lovi\u0107<\/title>\n<meta name=\"robots\" content=\"index, follow, max-snippet:-1, max-image-preview:large, max-video-preview:-1\" \/>\n<link rel=\"canonical\" href=\"https:\/\/doslovic.com\/de\/produkt\/lavendelbeutel\/kissen-3780\/\" \/>\n<meta property=\"og:locale\" content=\"de_DE\" \/>\n<meta property=\"og:type\" content=\"article\" \/>\n<meta property=\"og:title\" content=\"Kissen 3780 - Do\u0161lovi\u0107\" \/>\n<meta property=\"og:description\" content=\"25x40cm Duftende und personalisierte Kissen mit bedruckten individuellen Fotos nach Ihren W\u00fcnschen f\u00fcr eine stressfreie und entspannte Nacht. Zudem ist es eine sch\u00f6ne Dekoration f\u00fcr jeden Wohnraum. Die Duftkissen sind mit Watte bef\u00fchlt und dem duftenden Lavendelbl\u00fcten, die aus nachhaltigen Anbau stammen und den europ\u00e4ischen BIO Standard erf\u00fcllen. Das eigentliche Kissen ist auch aus nachhaltigen Materialien produziert und besteht aus 100% Baumwolle.\" \/>\n<meta property=\"og:url\" content=\"https:\/\/doslovic.com\/de\/produkt\/lavendelbeutel\/kissen-3780\/\" \/>\n<meta property=\"og:site_name\" content=\"Do\u0161lovi\u0107\" \/>\n<meta property=\"article:modified_time\" content=\"2023-01-11T10:34:57+00:00\" \/>\n<meta property=\"og:image\" content=\"https:\/\/doslovic.com\/wp-content\/uploads\/2022\/11\/JASTUK-3780.jpg\" \/>\n\t<meta property=\"og:image:width\" content=\"600\" \/>\n\t<meta property=\"og:image:height\" content=\"800\" \/>\n\t<meta property=\"og:image:type\" content=\"image\/jpeg\" \/>\n<meta name=\"twitter:card\" content=\"summary_large_image\" \/>\n<script type=\"application\/ld+json\" class=\"yoast-schema-graph\">{\"@context\":\"https:\/\/schema.org\",\"@graph\":[{\"@type\":\"WebPage\",\"@id\":\"https:\/\/doslovic.com\/de\/produkt\/lavendelbeutel\/kissen-3780\/\",\"url\":\"https:\/\/doslovic.com\/de\/produkt\/lavendelbeutel\/kissen-3780\/\",\"name\":\"Kissen 3780 - Do\u0161lovi\u0107\",\"isPartOf\":{\"@id\":\"https:\/\/doslovic.com\/#website\"},\"primaryImageOfPage\":{\"@id\":\"https:\/\/doslovic.com\/de\/produkt\/lavendelbeutel\/kissen-3780\/#primaryimage\"},\"image\":{\"@id\":\"https:\/\/doslovic.com\/de\/produkt\/lavendelbeutel\/kissen-3780\/#primaryimage\"},\"thumbnailUrl\":\"https:\/\/doslovic.com\/wp-content\/uploads\/2022\/11\/JASTUK-3780.jpg\",\"datePublished\":\"2022-11-07T14:38:49+00:00\",\"dateModified\":\"2023-01-11T10:34:57+00:00\",\"breadcrumb\":{\"@id\":\"https:\/\/doslovic.com\/de\/produkt\/lavendelbeutel\/kissen-3780\/#breadcrumb\"},\"inLanguage\":\"de\",\"potentialAction\":[{\"@type\":\"ReadAction\",\"target\":[\"https:\/\/doslovic.com\/de\/produkt\/lavendelbeutel\/kissen-3780\/\"]}]},{\"@type\":\"ImageObject\",\"inLanguage\":\"de\",\"@id\":\"https:\/\/doslovic.com\/de\/produkt\/lavendelbeutel\/kissen-3780\/#primaryimage\",\"url\":\"https:\/\/doslovic.com\/wp-content\/uploads\/2022\/11\/JASTUK-3780.jpg\",\"contentUrl\":\"https:\/\/doslovic.com\/wp-content\/uploads\/2022\/11\/JASTUK-3780.jpg\",\"width\":600,\"height\":800,\"caption\":\"JASTUK 3780\"},{\"@type\":\"BreadcrumbList\",\"@id\":\"https:\/\/doslovic.com\/de\/produkt\/lavendelbeutel\/kissen-3780\/#breadcrumb\",\"itemListElement\":[{\"@type\":\"ListItem\",\"position\":1,\"name\":\"Home\",\"item\":\"https:\/\/doslovic.com\/de\/\"},{\"@type\":\"ListItem\",\"position\":2,\"name\":\"Trgovina\",\"item\":\"https:\/\/doslovic.com\/trgovina\/\"},{\"@type\":\"ListItem\",\"position\":3,\"name\":\"Kissen 3780\"}]},{\"@type\":\"WebSite\",\"@id\":\"https:\/\/doslovic.com\/#website\",\"url\":\"https:\/\/doslovic.com\/\",\"name\":\"Do\u0161lovi\u0107\",\"description\":\"\",\"potentialAction\":[{\"@type\":\"SearchAction\",\"target\":{\"@type\":\"EntryPoint\",\"urlTemplate\":\"https:\/\/doslovic.com\/?s={search_term_string}\"},\"query-input\":{\"@type\":\"PropertyValueSpecification\",\"valueRequired\":true,\"valueName\":\"search_term_string\"}}],\"inLanguage\":\"de\"}]}<\/script>\n<!-- \/ Yoast SEO plugin. -->","yoast_head_json":{"title":"Kissen 3780 - Do\u0161lovi\u0107","robots":{"index":"index","follow":"follow","max-snippet":"max-snippet:-1","max-image-preview":"max-image-preview:large","max-video-preview":"max-video-preview:-1"},"canonical":"https:\/\/doslovic.com\/de\/produkt\/lavendelbeutel\/kissen-3780\/","og_locale":"de_DE","og_type":"article","og_title":"Kissen 3780 - Do\u0161lovi\u0107","og_description":"25x40cm Duftende und personalisierte Kissen mit bedruckten individuellen Fotos nach Ihren W\u00fcnschen f\u00fcr eine stressfreie und entspannte Nacht. Zudem ist es eine sch\u00f6ne Dekoration f\u00fcr jeden Wohnraum. Die Duftkissen sind mit Watte bef\u00fchlt und dem duftenden Lavendelbl\u00fcten, die aus nachhaltigen Anbau stammen und den europ\u00e4ischen BIO Standard erf\u00fcllen. Das eigentliche Kissen ist auch aus nachhaltigen Materialien produziert und besteht aus 100% Baumwolle.","og_url":"https:\/\/doslovic.com\/de\/produkt\/lavendelbeutel\/kissen-3780\/","og_site_name":"Do\u0161lovi\u0107","article_modified_time":"2023-01-11T10:34:57+00:00","og_image":[{"width":600,"height":800,"url":"https:\/\/doslovic.com\/wp-content\/uploads\/2022\/11\/JASTUK-3780.jpg","type":"image\/jpeg"}],"twitter_card":"summary_large_image","schema":{"@context":"https:\/\/schema.org","@graph":[{"@type":"WebPage","@id":"https:\/\/doslovic.com\/de\/produkt\/lavendelbeutel\/kissen-3780\/","url":"https:\/\/doslovic.com\/de\/produkt\/lavendelbeutel\/kissen-3780\/","name":"Kissen 3780 - Do\u0161lovi\u0107","isPartOf":{"@id":"https:\/\/doslovic.com\/#website"},"primaryImageOfPage":{"@id":"https:\/\/doslovic.com\/de\/produkt\/lavendelbeutel\/kissen-3780\/#primaryimage"},"image":{"@id":"https:\/\/doslovic.com\/de\/produkt\/lavendelbeutel\/kissen-3780\/#primaryimage"},"thumbnailUrl":"https:\/\/doslovic.com\/wp-content\/uploads\/2022\/11\/JASTUK-3780.jpg","datePublished":"2022-11-07T14:38:49+00:00","dateModified":"2023-01-11T10:34:57+00:00","breadcrumb":{"@id":"https:\/\/doslovic.com\/de\/produkt\/lavendelbeutel\/kissen-3780\/#breadcrumb"},"inLanguage":"de","potentialAction":[{"@type":"ReadAction","target":["https:\/\/doslovic.com\/de\/produkt\/lavendelbeutel\/kissen-3780\/"]}]},{"@type":"ImageObject","inLanguage":"de","@id":"https:\/\/doslovic.com\/de\/produkt\/lavendelbeutel\/kissen-3780\/#primaryimage","url":"https:\/\/doslovic.com\/wp-content\/uploads\/2022\/11\/JASTUK-3780.jpg","contentUrl":"https:\/\/doslovic.com\/wp-content\/uploads\/2022\/11\/JASTUK-3780.jpg","width":600,"height":800,"caption":"JASTUK 3780"},{"@type":"BreadcrumbList","@id":"https:\/\/doslovic.com\/de\/produkt\/lavendelbeutel\/kissen-3780\/#breadcrumb","itemListElement":[{"@type":"ListItem","position":1,"name":"Home","item":"https:\/\/doslovic.com\/de\/"},{"@type":"ListItem","position":2,"name":"Trgovina","item":"https:\/\/doslovic.com\/trgovina\/"},{"@type":"ListItem","position":3,"name":"Kissen 3780"}]},{"@type":"WebSite","@id":"https:\/\/doslovic.com\/#website","url":"https:\/\/doslovic.com\/","name":"Do\u0161lovi\u0107","description":"","potentialAction":[{"@type":"SearchAction","target":{"@type":"EntryPoint","urlTemplate":"https:\/\/doslovic.com\/?s={search_term_string}"},"query-input":{"@type":"PropertyValueSpecification","valueRequired":true,"valueName":"search_term_string"}}],"inLanguage":"de"}]}},"_links":{"self":[{"href":"https:\/\/doslovic.com\/de\/wp-json\/wp\/v2\/product\/2834","targetHints":{"allow":["GET"]}}],"collection":[{"href":"https:\/\/doslovic.com\/de\/wp-json\/wp\/v2\/product"}],"about":[{"href":"https:\/\/doslovic.com\/de\/wp-json\/wp\/v2\/types\/product"}],"wp:featuredmedia":[{"embeddable":true,"href":"https:\/\/doslovic.com\/de\/wp-json\/wp\/v2\/media\/2830"}],"wp:attachment":[{"href":"https:\/\/doslovic.com\/de\/wp-json\/wp\/v2\/media?parent=2834"}],"wp:term":[{"taxonomy":"product_brand","embeddable":true,"href":"https:\/\/doslovic.com\/de\/wp-json\/wp\/v2\/product_brand?post=2834"},{"taxonomy":"product_cat","embeddable":true,"href":"https:\/\/doslovic.com\/de\/wp-json\/wp\/v2\/product_cat?post=2834"},{"taxonomy":"product_tag","embeddable":true,"href":"https:\/\/doslovic.com\/de\/wp-json\/wp\/v2\/product_tag?post=2834"}],"curies":[{"name":"wp","href":"https:\/\/api.w.org\/{rel}","templated":true}]}}