{"id":2735,"date":"2022-04-19T08:30:31","date_gmt":"2022-04-19T13:17:20","guid":{"rendered":"https:\/\/doslovic.com\/?post_type=product&#038;p=2735"},"modified":"2022-04-19T13:17:20","modified_gmt":"2022-04-19T13:17:20","slug":"dufttasche-lavendel","status":"publish","type":"product","link":"https:\/\/doslovic.com\/de\/produkt\/lavendelbeutel\/dufttasche-lavendel\/","title":{"rendered":"Dufttasche Lavendel"},"content":{"rendered":"","protected":false},"excerpt":{"rendered":"<p>11 x 8cm<br \/>\n15g Lavendel<br \/>\nVerziert mit Zierfaden, der auf Wunsch des Kunden ge\u00e4ndert werden kann, geh\u00e4hte Zierschnur.<br \/>\nM\u00f6glichkeit des individuellen Drucks.<br \/>\nMindestbestellmenge 100 St\u00fcck.<\/p>\n","protected":false},"featured_media":2734,"template":"","meta":[],"product_brand":[],"product_cat":[88],"product_tag":[],"class_list":{"0":"post-2735","1":"product","2":"type-product","3":"status-publish","4":"has-post-thumbnail","6":"product_cat-lavendelbeutel","8":"first","9":"instock","10":"shipping-taxable","11":"purchasable","12":"product-type-simple"},"yoast_head":"<!-- This site is optimized with the Yoast SEO plugin v27.4 - https:\/\/yoast.com\/product\/yoast-seo-wordpress\/ -->\n<title>Dufttasche Lavendel - Do\u0161lovi\u0107<\/title>\n<meta name=\"robots\" content=\"index, follow, max-snippet:-1, max-image-preview:large, max-video-preview:-1\" \/>\n<link rel=\"canonical\" href=\"https:\/\/doslovic.com\/de\/produkt\/lavendelbeutel\/dufttasche-lavendel\/\" \/>\n<meta property=\"og:locale\" content=\"de_DE\" \/>\n<meta property=\"og:type\" content=\"article\" \/>\n<meta property=\"og:title\" content=\"Dufttasche Lavendel - Do\u0161lovi\u0107\" \/>\n<meta property=\"og:description\" content=\"11 x 8cm 15g Lavendel Verziert mit Zierfaden, der auf Wunsch des Kunden ge\u00e4ndert werden kann, geh\u00e4hte Zierschnur. M\u00f6glichkeit des individuellen Drucks. Mindestbestellmenge 100 St\u00fcck.\" \/>\n<meta property=\"og:url\" content=\"https:\/\/doslovic.com\/de\/produkt\/lavendelbeutel\/dufttasche-lavendel\/\" \/>\n<meta property=\"og:site_name\" content=\"Do\u0161lovi\u0107\" \/>\n<meta property=\"og:image\" content=\"https:\/\/doslovic.com\/wp-content\/uploads\/2022\/04\/Doslovic-Lavanda-Mirisna-torbica-lavande.jpg\" \/>\n\t<meta property=\"og:image:width\" content=\"600\" \/>\n\t<meta property=\"og:image:height\" content=\"800\" \/>\n\t<meta property=\"og:image:type\" content=\"image\/jpeg\" \/>\n<meta name=\"twitter:card\" content=\"summary_large_image\" \/>\n<script type=\"application\/ld+json\" class=\"yoast-schema-graph\">{\"@context\":\"https:\\\/\\\/schema.org\",\"@graph\":[{\"@type\":\"WebPage\",\"@id\":\"https:\\\/\\\/doslovic.com\\\/de\\\/produkt\\\/lavendelbeutel\\\/dufttasche-lavendel\\\/\",\"url\":\"https:\\\/\\\/doslovic.com\\\/de\\\/produkt\\\/lavendelbeutel\\\/dufttasche-lavendel\\\/\",\"name\":\"Dufttasche Lavendel - Do\u0161lovi\u0107\",\"isPartOf\":{\"@id\":\"https:\\\/\\\/doslovic.com\\\/#website\"},\"primaryImageOfPage\":{\"@id\":\"https:\\\/\\\/doslovic.com\\\/de\\\/produkt\\\/lavendelbeutel\\\/dufttasche-lavendel\\\/#primaryimage\"},\"image\":{\"@id\":\"https:\\\/\\\/doslovic.com\\\/de\\\/produkt\\\/lavendelbeutel\\\/dufttasche-lavendel\\\/#primaryimage\"},\"thumbnailUrl\":\"https:\\\/\\\/doslovic.com\\\/wp-content\\\/uploads\\\/2022\\\/04\\\/Doslovic-Lavanda-Mirisna-torbica-lavande.jpg\",\"datePublished\":\"2022-04-19T13:17:20+00:00\",\"breadcrumb\":{\"@id\":\"https:\\\/\\\/doslovic.com\\\/de\\\/produkt\\\/lavendelbeutel\\\/dufttasche-lavendel\\\/#breadcrumb\"},\"inLanguage\":\"de\",\"potentialAction\":[{\"@type\":\"ReadAction\",\"target\":[\"https:\\\/\\\/doslovic.com\\\/de\\\/produkt\\\/lavendelbeutel\\\/dufttasche-lavendel\\\/\"]}]},{\"@type\":\"ImageObject\",\"inLanguage\":\"de\",\"@id\":\"https:\\\/\\\/doslovic.com\\\/de\\\/produkt\\\/lavendelbeutel\\\/dufttasche-lavendel\\\/#primaryimage\",\"url\":\"https:\\\/\\\/doslovic.com\\\/wp-content\\\/uploads\\\/2022\\\/04\\\/Doslovic-Lavanda-Mirisna-torbica-lavande.jpg\",\"contentUrl\":\"https:\\\/\\\/doslovic.com\\\/wp-content\\\/uploads\\\/2022\\\/04\\\/Doslovic-Lavanda-Mirisna-torbica-lavande.jpg\",\"width\":600,\"height\":800,\"caption\":\"Doslovic Lavanda - Mirisna torbica lavande\"},{\"@type\":\"BreadcrumbList\",\"@id\":\"https:\\\/\\\/doslovic.com\\\/de\\\/produkt\\\/lavendelbeutel\\\/dufttasche-lavendel\\\/#breadcrumb\",\"itemListElement\":[{\"@type\":\"ListItem\",\"position\":1,\"name\":\"Home\",\"item\":\"https:\\\/\\\/doslovic.com\\\/de\\\/\"},{\"@type\":\"ListItem\",\"position\":2,\"name\":\"Trgovina\",\"item\":\"https:\\\/\\\/doslovic.com\\\/trgovina\\\/\"},{\"@type\":\"ListItem\",\"position\":3,\"name\":\"Dufttasche Lavendel\"}]},{\"@type\":\"WebSite\",\"@id\":\"https:\\\/\\\/doslovic.com\\\/#website\",\"url\":\"https:\\\/\\\/doslovic.com\\\/\",\"name\":\"Do\u0161lovi\u0107\",\"description\":\"\",\"potentialAction\":[{\"@type\":\"SearchAction\",\"target\":{\"@type\":\"EntryPoint\",\"urlTemplate\":\"https:\\\/\\\/doslovic.com\\\/?s={search_term_string}\"},\"query-input\":{\"@type\":\"PropertyValueSpecification\",\"valueRequired\":true,\"valueName\":\"search_term_string\"}}],\"inLanguage\":\"de\"}]}<\/script>\n<!-- \/ Yoast SEO plugin. -->","yoast_head_json":{"title":"Dufttasche Lavendel - Do\u0161lovi\u0107","robots":{"index":"index","follow":"follow","max-snippet":"max-snippet:-1","max-image-preview":"max-image-preview:large","max-video-preview":"max-video-preview:-1"},"canonical":"https:\/\/doslovic.com\/de\/produkt\/lavendelbeutel\/dufttasche-lavendel\/","og_locale":"de_DE","og_type":"article","og_title":"Dufttasche Lavendel - Do\u0161lovi\u0107","og_description":"11 x 8cm 15g Lavendel Verziert mit Zierfaden, der auf Wunsch des Kunden ge\u00e4ndert werden kann, geh\u00e4hte Zierschnur. M\u00f6glichkeit des individuellen Drucks. Mindestbestellmenge 100 St\u00fcck.","og_url":"https:\/\/doslovic.com\/de\/produkt\/lavendelbeutel\/dufttasche-lavendel\/","og_site_name":"Do\u0161lovi\u0107","og_image":[{"width":600,"height":800,"url":"https:\/\/doslovic.com\/wp-content\/uploads\/2022\/04\/Doslovic-Lavanda-Mirisna-torbica-lavande.jpg","type":"image\/jpeg"}],"twitter_card":"summary_large_image","schema":{"@context":"https:\/\/schema.org","@graph":[{"@type":"WebPage","@id":"https:\/\/doslovic.com\/de\/produkt\/lavendelbeutel\/dufttasche-lavendel\/","url":"https:\/\/doslovic.com\/de\/produkt\/lavendelbeutel\/dufttasche-lavendel\/","name":"Dufttasche Lavendel - Do\u0161lovi\u0107","isPartOf":{"@id":"https:\/\/doslovic.com\/#website"},"primaryImageOfPage":{"@id":"https:\/\/doslovic.com\/de\/produkt\/lavendelbeutel\/dufttasche-lavendel\/#primaryimage"},"image":{"@id":"https:\/\/doslovic.com\/de\/produkt\/lavendelbeutel\/dufttasche-lavendel\/#primaryimage"},"thumbnailUrl":"https:\/\/doslovic.com\/wp-content\/uploads\/2022\/04\/Doslovic-Lavanda-Mirisna-torbica-lavande.jpg","datePublished":"2022-04-19T13:17:20+00:00","breadcrumb":{"@id":"https:\/\/doslovic.com\/de\/produkt\/lavendelbeutel\/dufttasche-lavendel\/#breadcrumb"},"inLanguage":"de","potentialAction":[{"@type":"ReadAction","target":["https:\/\/doslovic.com\/de\/produkt\/lavendelbeutel\/dufttasche-lavendel\/"]}]},{"@type":"ImageObject","inLanguage":"de","@id":"https:\/\/doslovic.com\/de\/produkt\/lavendelbeutel\/dufttasche-lavendel\/#primaryimage","url":"https:\/\/doslovic.com\/wp-content\/uploads\/2022\/04\/Doslovic-Lavanda-Mirisna-torbica-lavande.jpg","contentUrl":"https:\/\/doslovic.com\/wp-content\/uploads\/2022\/04\/Doslovic-Lavanda-Mirisna-torbica-lavande.jpg","width":600,"height":800,"caption":"Doslovic Lavanda - Mirisna torbica lavande"},{"@type":"BreadcrumbList","@id":"https:\/\/doslovic.com\/de\/produkt\/lavendelbeutel\/dufttasche-lavendel\/#breadcrumb","itemListElement":[{"@type":"ListItem","position":1,"name":"Home","item":"https:\/\/doslovic.com\/de\/"},{"@type":"ListItem","position":2,"name":"Trgovina","item":"https:\/\/doslovic.com\/trgovina\/"},{"@type":"ListItem","position":3,"name":"Dufttasche Lavendel"}]},{"@type":"WebSite","@id":"https:\/\/doslovic.com\/#website","url":"https:\/\/doslovic.com\/","name":"Do\u0161lovi\u0107","description":"","potentialAction":[{"@type":"SearchAction","target":{"@type":"EntryPoint","urlTemplate":"https:\/\/doslovic.com\/?s={search_term_string}"},"query-input":{"@type":"PropertyValueSpecification","valueRequired":true,"valueName":"search_term_string"}}],"inLanguage":"de"}]}},"_links":{"self":[{"href":"https:\/\/doslovic.com\/de\/wp-json\/wp\/v2\/product\/2735","targetHints":{"allow":["GET"]}}],"collection":[{"href":"https:\/\/doslovic.com\/de\/wp-json\/wp\/v2\/product"}],"about":[{"href":"https:\/\/doslovic.com\/de\/wp-json\/wp\/v2\/types\/product"}],"wp:featuredmedia":[{"embeddable":true,"href":"https:\/\/doslovic.com\/de\/wp-json\/wp\/v2\/media\/2734"}],"wp:attachment":[{"href":"https:\/\/doslovic.com\/de\/wp-json\/wp\/v2\/media?parent=2735"}],"wp:term":[{"taxonomy":"product_brand","embeddable":true,"href":"https:\/\/doslovic.com\/de\/wp-json\/wp\/v2\/product_brand?post=2735"},{"taxonomy":"product_cat","embeddable":true,"href":"https:\/\/doslovic.com\/de\/wp-json\/wp\/v2\/product_cat?post=2735"},{"taxonomy":"product_tag","embeddable":true,"href":"https:\/\/doslovic.com\/de\/wp-json\/wp\/v2\/product_tag?post=2735"}],"curies":[{"name":"wp","href":"https:\/\/api.w.org\/{rel}","templated":true}]}}