{"id":2619,"date":"2021-04-22T08:04:11","date_gmt":"2021-04-22T08:19:38","guid":{"rendered":"https:\/\/doslovic.com\/?post_type=product&#038;p=2619"},"modified":"2021-04-22T08:19:38","modified_gmt":"2021-04-22T08:19:38","slug":"duftende-geschenkbox","status":"publish","type":"product","link":"https:\/\/doslovic.com\/de\/produkt\/duftende-pakete\/duftende-geschenkbox\/","title":{"rendered":"Duftende Geschenkbox"},"content":{"rendered":"","protected":false},"excerpt":{"rendered":"<p>Duftende Geschenkbox, ein ideales Geschenk f\u00fcr Ihre G\u00e4ste<br \/>\n16 x 14<br \/>\nIn dieser Geschenkbox k\u00f6nnen Sie Folgendes finden:<br \/>\nLAVENDELBEUTEL mit Logo. Nach Ihren W\u00fcnschen k\u00f6nnen wir Ihr Logo oder ein anderes Motiv drucken.<br \/>\n\u00c4THERISCHES LAVENDEL\u00d6L 10 ml, erhalten durch Hydrodestillation von frisch gepfl\u00fcckten Lavendelbl\u00fcten.<br \/>\nEs hat zahlreiche Anwendungen im t\u00e4glichen Leben, medizinische und n\u00fctzliche Eigenschaften.<br \/>\nDUFTENDE LAVENDELSEIFE,\u00a0hergestellt auf traditionelle Art und Weise aus umweltfreundlichen Rohstoffen.<\/p>\n","protected":false},"featured_media":2598,"template":"","meta":[],"product_brand":[],"product_cat":[101],"product_tag":[],"class_list":{"0":"post-2619","1":"product","2":"type-product","3":"status-publish","4":"has-post-thumbnail","6":"product_cat-duftende-pakete","8":"first","9":"instock","10":"featured","11":"shipping-taxable","12":"purchasable","13":"product-type-simple"},"yoast_head":"<!-- This site is optimized with the Yoast SEO plugin v26.5 - https:\/\/yoast.com\/wordpress\/plugins\/seo\/ -->\n<title>Duftende Geschenkbox - Do\u0161lovi\u0107<\/title>\n<meta name=\"robots\" content=\"index, follow, max-snippet:-1, max-image-preview:large, max-video-preview:-1\" \/>\n<link rel=\"canonical\" href=\"https:\/\/doslovic.com\/de\/produkt\/duftende-pakete\/duftende-geschenkbox\/\" \/>\n<meta property=\"og:locale\" content=\"de_DE\" \/>\n<meta property=\"og:type\" content=\"article\" \/>\n<meta property=\"og:title\" content=\"Duftende Geschenkbox - Do\u0161lovi\u0107\" \/>\n<meta property=\"og:description\" content=\"Duftende Geschenkbox, ein ideales Geschenk f\u00fcr Ihre G\u00e4ste 16 x 14 In dieser Geschenkbox k\u00f6nnen Sie Folgendes finden: LAVENDELBEUTEL mit Logo. Nach Ihren W\u00fcnschen k\u00f6nnen wir Ihr Logo oder ein anderes Motiv drucken. \u00c4THERISCHES LAVENDEL\u00d6L 10 ml, erhalten durch Hydrodestillation von frisch gepfl\u00fcckten Lavendelbl\u00fcten. Es hat zahlreiche Anwendungen im t\u00e4glichen Leben, medizinische und n\u00fctzliche Eigenschaften. DUFTENDE LAVENDELSEIFE,\u00a0hergestellt auf traditionelle Art und Weise aus umweltfreundlichen Rohstoffen.\" \/>\n<meta property=\"og:url\" content=\"https:\/\/doslovic.com\/de\/produkt\/duftende-pakete\/duftende-geschenkbox\/\" \/>\n<meta property=\"og:site_name\" content=\"Do\u0161lovi\u0107\" \/>\n<meta property=\"og:image\" content=\"https:\/\/doslovic.com\/wp-content\/uploads\/2021\/04\/Doslovic-Lavanda-mirisna-kutijica-02.jpg\" \/>\n\t<meta property=\"og:image:width\" content=\"730\" \/>\n\t<meta property=\"og:image:height\" content=\"683\" \/>\n\t<meta property=\"og:image:type\" content=\"image\/jpeg\" \/>\n<meta name=\"twitter:card\" content=\"summary_large_image\" \/>\n<script type=\"application\/ld+json\" class=\"yoast-schema-graph\">{\"@context\":\"https:\/\/schema.org\",\"@graph\":[{\"@type\":\"WebPage\",\"@id\":\"https:\/\/doslovic.com\/de\/produkt\/duftende-pakete\/duftende-geschenkbox\/\",\"url\":\"https:\/\/doslovic.com\/de\/produkt\/duftende-pakete\/duftende-geschenkbox\/\",\"name\":\"Duftende Geschenkbox - Do\u0161lovi\u0107\",\"isPartOf\":{\"@id\":\"https:\/\/doslovic.com\/#website\"},\"primaryImageOfPage\":{\"@id\":\"https:\/\/doslovic.com\/de\/produkt\/duftende-pakete\/duftende-geschenkbox\/#primaryimage\"},\"image\":{\"@id\":\"https:\/\/doslovic.com\/de\/produkt\/duftende-pakete\/duftende-geschenkbox\/#primaryimage\"},\"thumbnailUrl\":\"https:\/\/doslovic.com\/wp-content\/uploads\/2021\/04\/Doslovic-Lavanda-mirisna-kutijica-02.jpg\",\"datePublished\":\"2021-04-22T08:19:38+00:00\",\"breadcrumb\":{\"@id\":\"https:\/\/doslovic.com\/de\/produkt\/duftende-pakete\/duftende-geschenkbox\/#breadcrumb\"},\"inLanguage\":\"de\",\"potentialAction\":[{\"@type\":\"ReadAction\",\"target\":[\"https:\/\/doslovic.com\/de\/produkt\/duftende-pakete\/duftende-geschenkbox\/\"]}]},{\"@type\":\"ImageObject\",\"inLanguage\":\"de\",\"@id\":\"https:\/\/doslovic.com\/de\/produkt\/duftende-pakete\/duftende-geschenkbox\/#primaryimage\",\"url\":\"https:\/\/doslovic.com\/wp-content\/uploads\/2021\/04\/Doslovic-Lavanda-mirisna-kutijica-02.jpg\",\"contentUrl\":\"https:\/\/doslovic.com\/wp-content\/uploads\/2021\/04\/Doslovic-Lavanda-mirisna-kutijica-02.jpg\",\"width\":730,\"height\":683,\"caption\":\"Do\u0161lovi\u0107 Lavanda - mirisna kutijica 02\"},{\"@type\":\"BreadcrumbList\",\"@id\":\"https:\/\/doslovic.com\/de\/produkt\/duftende-pakete\/duftende-geschenkbox\/#breadcrumb\",\"itemListElement\":[{\"@type\":\"ListItem\",\"position\":1,\"name\":\"Home\",\"item\":\"https:\/\/doslovic.com\/de\/\"},{\"@type\":\"ListItem\",\"position\":2,\"name\":\"Trgovina\",\"item\":\"https:\/\/doslovic.com\/trgovina\/\"},{\"@type\":\"ListItem\",\"position\":3,\"name\":\"Duftende Geschenkbox\"}]},{\"@type\":\"WebSite\",\"@id\":\"https:\/\/doslovic.com\/#website\",\"url\":\"https:\/\/doslovic.com\/\",\"name\":\"Do\u0161lovi\u0107\",\"description\":\"\",\"potentialAction\":[{\"@type\":\"SearchAction\",\"target\":{\"@type\":\"EntryPoint\",\"urlTemplate\":\"https:\/\/doslovic.com\/?s={search_term_string}\"},\"query-input\":{\"@type\":\"PropertyValueSpecification\",\"valueRequired\":true,\"valueName\":\"search_term_string\"}}],\"inLanguage\":\"de\"}]}<\/script>\n<!-- \/ Yoast SEO plugin. -->","yoast_head_json":{"title":"Duftende Geschenkbox - Do\u0161lovi\u0107","robots":{"index":"index","follow":"follow","max-snippet":"max-snippet:-1","max-image-preview":"max-image-preview:large","max-video-preview":"max-video-preview:-1"},"canonical":"https:\/\/doslovic.com\/de\/produkt\/duftende-pakete\/duftende-geschenkbox\/","og_locale":"de_DE","og_type":"article","og_title":"Duftende Geschenkbox - Do\u0161lovi\u0107","og_description":"Duftende Geschenkbox, ein ideales Geschenk f\u00fcr Ihre G\u00e4ste 16 x 14 In dieser Geschenkbox k\u00f6nnen Sie Folgendes finden: LAVENDELBEUTEL mit Logo. Nach Ihren W\u00fcnschen k\u00f6nnen wir Ihr Logo oder ein anderes Motiv drucken. \u00c4THERISCHES LAVENDEL\u00d6L 10 ml, erhalten durch Hydrodestillation von frisch gepfl\u00fcckten Lavendelbl\u00fcten. Es hat zahlreiche Anwendungen im t\u00e4glichen Leben, medizinische und n\u00fctzliche Eigenschaften. DUFTENDE LAVENDELSEIFE,\u00a0hergestellt auf traditionelle Art und Weise aus umweltfreundlichen Rohstoffen.","og_url":"https:\/\/doslovic.com\/de\/produkt\/duftende-pakete\/duftende-geschenkbox\/","og_site_name":"Do\u0161lovi\u0107","og_image":[{"width":730,"height":683,"url":"https:\/\/doslovic.com\/wp-content\/uploads\/2021\/04\/Doslovic-Lavanda-mirisna-kutijica-02.jpg","type":"image\/jpeg"}],"twitter_card":"summary_large_image","schema":{"@context":"https:\/\/schema.org","@graph":[{"@type":"WebPage","@id":"https:\/\/doslovic.com\/de\/produkt\/duftende-pakete\/duftende-geschenkbox\/","url":"https:\/\/doslovic.com\/de\/produkt\/duftende-pakete\/duftende-geschenkbox\/","name":"Duftende Geschenkbox - Do\u0161lovi\u0107","isPartOf":{"@id":"https:\/\/doslovic.com\/#website"},"primaryImageOfPage":{"@id":"https:\/\/doslovic.com\/de\/produkt\/duftende-pakete\/duftende-geschenkbox\/#primaryimage"},"image":{"@id":"https:\/\/doslovic.com\/de\/produkt\/duftende-pakete\/duftende-geschenkbox\/#primaryimage"},"thumbnailUrl":"https:\/\/doslovic.com\/wp-content\/uploads\/2021\/04\/Doslovic-Lavanda-mirisna-kutijica-02.jpg","datePublished":"2021-04-22T08:19:38+00:00","breadcrumb":{"@id":"https:\/\/doslovic.com\/de\/produkt\/duftende-pakete\/duftende-geschenkbox\/#breadcrumb"},"inLanguage":"de","potentialAction":[{"@type":"ReadAction","target":["https:\/\/doslovic.com\/de\/produkt\/duftende-pakete\/duftende-geschenkbox\/"]}]},{"@type":"ImageObject","inLanguage":"de","@id":"https:\/\/doslovic.com\/de\/produkt\/duftende-pakete\/duftende-geschenkbox\/#primaryimage","url":"https:\/\/doslovic.com\/wp-content\/uploads\/2021\/04\/Doslovic-Lavanda-mirisna-kutijica-02.jpg","contentUrl":"https:\/\/doslovic.com\/wp-content\/uploads\/2021\/04\/Doslovic-Lavanda-mirisna-kutijica-02.jpg","width":730,"height":683,"caption":"Do\u0161lovi\u0107 Lavanda - mirisna kutijica 02"},{"@type":"BreadcrumbList","@id":"https:\/\/doslovic.com\/de\/produkt\/duftende-pakete\/duftende-geschenkbox\/#breadcrumb","itemListElement":[{"@type":"ListItem","position":1,"name":"Home","item":"https:\/\/doslovic.com\/de\/"},{"@type":"ListItem","position":2,"name":"Trgovina","item":"https:\/\/doslovic.com\/trgovina\/"},{"@type":"ListItem","position":3,"name":"Duftende Geschenkbox"}]},{"@type":"WebSite","@id":"https:\/\/doslovic.com\/#website","url":"https:\/\/doslovic.com\/","name":"Do\u0161lovi\u0107","description":"","potentialAction":[{"@type":"SearchAction","target":{"@type":"EntryPoint","urlTemplate":"https:\/\/doslovic.com\/?s={search_term_string}"},"query-input":{"@type":"PropertyValueSpecification","valueRequired":true,"valueName":"search_term_string"}}],"inLanguage":"de"}]}},"_links":{"self":[{"href":"https:\/\/doslovic.com\/de\/wp-json\/wp\/v2\/product\/2619","targetHints":{"allow":["GET"]}}],"collection":[{"href":"https:\/\/doslovic.com\/de\/wp-json\/wp\/v2\/product"}],"about":[{"href":"https:\/\/doslovic.com\/de\/wp-json\/wp\/v2\/types\/product"}],"wp:featuredmedia":[{"embeddable":true,"href":"https:\/\/doslovic.com\/de\/wp-json\/wp\/v2\/media\/2598"}],"wp:attachment":[{"href":"https:\/\/doslovic.com\/de\/wp-json\/wp\/v2\/media?parent=2619"}],"wp:term":[{"taxonomy":"product_brand","embeddable":true,"href":"https:\/\/doslovic.com\/de\/wp-json\/wp\/v2\/product_brand?post=2619"},{"taxonomy":"product_cat","embeddable":true,"href":"https:\/\/doslovic.com\/de\/wp-json\/wp\/v2\/product_cat?post=2619"},{"taxonomy":"product_tag","embeddable":true,"href":"https:\/\/doslovic.com\/de\/wp-json\/wp\/v2\/product_tag?post=2619"}],"curies":[{"name":"wp","href":"https:\/\/api.w.org\/{rel}","templated":true}]}}