{"id":2521,"date":"2019-06-18T10:23:13","date_gmt":"2019-06-28T17:19:50","guid":{"rendered":"https:\/\/doslovic.com\/?post_type=product&#038;p=2521"},"modified":"2020-03-30T09:27:13","modified_gmt":"2020-03-30T09:27:13","slug":"duftender-lavendelaufhaenger-mikelia","status":"publish","type":"product","link":"https:\/\/doslovic.com\/de\/produkt\/lavendelbeutel\/duftender-lavendelaufhaenger-mikelia\/","title":{"rendered":"Duftender Lavendelaufh\u00e4nger Mikelia"},"content":{"rendered":"","protected":false},"excerpt":{"rendered":"<p>Duftender Beutel Mikelia, 16 x 6cm, 10g<br \/>\nH\u00f6lzerner Aufh\u00e4nger 14 x,9,5cm<br \/>\nDruck nach Wunsch<br \/>\nAuf dem dekorativen Aufh\u00e4nger, der sich ideal f\u00fcr den Heim- und Hotelgebrauch eignet, befindet sich ein duftender Beutel mit dekorativen Au\u00dfenr\u00e4ndern.<\/p>\n","protected":false},"featured_media":2433,"template":"","meta":[],"product_brand":[],"product_cat":[88],"product_tag":[],"class_list":{"0":"post-2521","1":"product","2":"type-product","3":"status-publish","4":"has-post-thumbnail","6":"product_cat-lavendelbeutel","8":"first","9":"instock","10":"shipping-taxable","11":"purchasable","12":"product-type-simple"},"yoast_head":"<!-- This site is optimized with the Yoast SEO plugin v27.4 - https:\/\/yoast.com\/product\/yoast-seo-wordpress\/ -->\n<title>Duftender Lavendelaufh\u00e4nger Mikelia - Do\u0161lovi\u0107<\/title>\n<meta name=\"robots\" content=\"index, follow, max-snippet:-1, max-image-preview:large, max-video-preview:-1\" \/>\n<link rel=\"canonical\" href=\"https:\/\/doslovic.com\/de\/produkt\/lavendelbeutel\/duftender-lavendelaufhaenger-mikelia\/\" \/>\n<meta property=\"og:locale\" content=\"de_DE\" \/>\n<meta property=\"og:type\" content=\"article\" \/>\n<meta property=\"og:title\" content=\"Duftender Lavendelaufh\u00e4nger Mikelia - Do\u0161lovi\u0107\" \/>\n<meta property=\"og:description\" content=\"Duftender Beutel Mikelia, 16 x 6cm, 10g H\u00f6lzerner Aufh\u00e4nger 14 x,9,5cm Druck nach Wunsch Auf dem dekorativen Aufh\u00e4nger, der sich ideal f\u00fcr den Heim- und Hotelgebrauch eignet, befindet sich ein duftender Beutel mit dekorativen Au\u00dfenr\u00e4ndern.\" \/>\n<meta property=\"og:url\" content=\"https:\/\/doslovic.com\/de\/produkt\/lavendelbeutel\/duftender-lavendelaufhaenger-mikelia\/\" \/>\n<meta property=\"og:site_name\" content=\"Do\u0161lovi\u0107\" \/>\n<meta property=\"article:modified_time\" content=\"2020-03-30T09:27:13+00:00\" \/>\n<meta property=\"og:image\" content=\"https:\/\/doslovic.com\/wp-content\/uploads\/2019\/06\/mirisna-vje\u0161alica-mikelia.jpg\" \/>\n\t<meta property=\"og:image:width\" content=\"600\" \/>\n\t<meta property=\"og:image:height\" content=\"831\" \/>\n\t<meta property=\"og:image:type\" content=\"image\/jpeg\" \/>\n<meta name=\"twitter:card\" content=\"summary_large_image\" \/>\n<script type=\"application\/ld+json\" class=\"yoast-schema-graph\">{\"@context\":\"https:\\\/\\\/schema.org\",\"@graph\":[{\"@type\":\"WebPage\",\"@id\":\"https:\\\/\\\/doslovic.com\\\/de\\\/produkt\\\/lavendelbeutel\\\/duftender-lavendelaufhaenger-mikelia\\\/\",\"url\":\"https:\\\/\\\/doslovic.com\\\/de\\\/produkt\\\/lavendelbeutel\\\/duftender-lavendelaufhaenger-mikelia\\\/\",\"name\":\"Duftender Lavendelaufh\u00e4nger Mikelia - Do\u0161lovi\u0107\",\"isPartOf\":{\"@id\":\"https:\\\/\\\/doslovic.com\\\/#website\"},\"primaryImageOfPage\":{\"@id\":\"https:\\\/\\\/doslovic.com\\\/de\\\/produkt\\\/lavendelbeutel\\\/duftender-lavendelaufhaenger-mikelia\\\/#primaryimage\"},\"image\":{\"@id\":\"https:\\\/\\\/doslovic.com\\\/de\\\/produkt\\\/lavendelbeutel\\\/duftender-lavendelaufhaenger-mikelia\\\/#primaryimage\"},\"thumbnailUrl\":\"https:\\\/\\\/doslovic.com\\\/wp-content\\\/uploads\\\/2019\\\/06\\\/mirisna-vje\u0161alica-mikelia.jpg\",\"datePublished\":\"2019-06-28T17:19:50+00:00\",\"dateModified\":\"2020-03-30T09:27:13+00:00\",\"breadcrumb\":{\"@id\":\"https:\\\/\\\/doslovic.com\\\/de\\\/produkt\\\/lavendelbeutel\\\/duftender-lavendelaufhaenger-mikelia\\\/#breadcrumb\"},\"inLanguage\":\"de\",\"potentialAction\":[{\"@type\":\"ReadAction\",\"target\":[\"https:\\\/\\\/doslovic.com\\\/de\\\/produkt\\\/lavendelbeutel\\\/duftender-lavendelaufhaenger-mikelia\\\/\"]}]},{\"@type\":\"ImageObject\",\"inLanguage\":\"de\",\"@id\":\"https:\\\/\\\/doslovic.com\\\/de\\\/produkt\\\/lavendelbeutel\\\/duftender-lavendelaufhaenger-mikelia\\\/#primaryimage\",\"url\":\"https:\\\/\\\/doslovic.com\\\/wp-content\\\/uploads\\\/2019\\\/06\\\/mirisna-vje\u0161alica-mikelia.jpg\",\"contentUrl\":\"https:\\\/\\\/doslovic.com\\\/wp-content\\\/uploads\\\/2019\\\/06\\\/mirisna-vje\u0161alica-mikelia.jpg\",\"width\":600,\"height\":831,\"caption\":\"Tisak po \u017eelji kupca Na ukrasnoj vje\u0161alici idealnoj za namjenu u ku\u0107anstvu te hotelijerstvu nalazi se mirisna vre\u0107ica s vanjskim ukrasnim rubovima.\"},{\"@type\":\"BreadcrumbList\",\"@id\":\"https:\\\/\\\/doslovic.com\\\/de\\\/produkt\\\/lavendelbeutel\\\/duftender-lavendelaufhaenger-mikelia\\\/#breadcrumb\",\"itemListElement\":[{\"@type\":\"ListItem\",\"position\":1,\"name\":\"Home\",\"item\":\"https:\\\/\\\/doslovic.com\\\/de\\\/\"},{\"@type\":\"ListItem\",\"position\":2,\"name\":\"Trgovina\",\"item\":\"https:\\\/\\\/doslovic.com\\\/trgovina\\\/\"},{\"@type\":\"ListItem\",\"position\":3,\"name\":\"Duftender Lavendelaufh\u00e4nger Mikelia\"}]},{\"@type\":\"WebSite\",\"@id\":\"https:\\\/\\\/doslovic.com\\\/#website\",\"url\":\"https:\\\/\\\/doslovic.com\\\/\",\"name\":\"Do\u0161lovi\u0107\",\"description\":\"\",\"potentialAction\":[{\"@type\":\"SearchAction\",\"target\":{\"@type\":\"EntryPoint\",\"urlTemplate\":\"https:\\\/\\\/doslovic.com\\\/?s={search_term_string}\"},\"query-input\":{\"@type\":\"PropertyValueSpecification\",\"valueRequired\":true,\"valueName\":\"search_term_string\"}}],\"inLanguage\":\"de\"}]}<\/script>\n<!-- \/ Yoast SEO plugin. -->","yoast_head_json":{"title":"Duftender Lavendelaufh\u00e4nger Mikelia - Do\u0161lovi\u0107","robots":{"index":"index","follow":"follow","max-snippet":"max-snippet:-1","max-image-preview":"max-image-preview:large","max-video-preview":"max-video-preview:-1"},"canonical":"https:\/\/doslovic.com\/de\/produkt\/lavendelbeutel\/duftender-lavendelaufhaenger-mikelia\/","og_locale":"de_DE","og_type":"article","og_title":"Duftender Lavendelaufh\u00e4nger Mikelia - Do\u0161lovi\u0107","og_description":"Duftender Beutel Mikelia, 16 x 6cm, 10g H\u00f6lzerner Aufh\u00e4nger 14 x,9,5cm Druck nach Wunsch Auf dem dekorativen Aufh\u00e4nger, der sich ideal f\u00fcr den Heim- und Hotelgebrauch eignet, befindet sich ein duftender Beutel mit dekorativen Au\u00dfenr\u00e4ndern.","og_url":"https:\/\/doslovic.com\/de\/produkt\/lavendelbeutel\/duftender-lavendelaufhaenger-mikelia\/","og_site_name":"Do\u0161lovi\u0107","article_modified_time":"2020-03-30T09:27:13+00:00","og_image":[{"width":600,"height":831,"url":"https:\/\/doslovic.com\/wp-content\/uploads\/2019\/06\/mirisna-vje\u0161alica-mikelia.jpg","type":"image\/jpeg"}],"twitter_card":"summary_large_image","schema":{"@context":"https:\/\/schema.org","@graph":[{"@type":"WebPage","@id":"https:\/\/doslovic.com\/de\/produkt\/lavendelbeutel\/duftender-lavendelaufhaenger-mikelia\/","url":"https:\/\/doslovic.com\/de\/produkt\/lavendelbeutel\/duftender-lavendelaufhaenger-mikelia\/","name":"Duftender Lavendelaufh\u00e4nger Mikelia - Do\u0161lovi\u0107","isPartOf":{"@id":"https:\/\/doslovic.com\/#website"},"primaryImageOfPage":{"@id":"https:\/\/doslovic.com\/de\/produkt\/lavendelbeutel\/duftender-lavendelaufhaenger-mikelia\/#primaryimage"},"image":{"@id":"https:\/\/doslovic.com\/de\/produkt\/lavendelbeutel\/duftender-lavendelaufhaenger-mikelia\/#primaryimage"},"thumbnailUrl":"https:\/\/doslovic.com\/wp-content\/uploads\/2019\/06\/mirisna-vje\u0161alica-mikelia.jpg","datePublished":"2019-06-28T17:19:50+00:00","dateModified":"2020-03-30T09:27:13+00:00","breadcrumb":{"@id":"https:\/\/doslovic.com\/de\/produkt\/lavendelbeutel\/duftender-lavendelaufhaenger-mikelia\/#breadcrumb"},"inLanguage":"de","potentialAction":[{"@type":"ReadAction","target":["https:\/\/doslovic.com\/de\/produkt\/lavendelbeutel\/duftender-lavendelaufhaenger-mikelia\/"]}]},{"@type":"ImageObject","inLanguage":"de","@id":"https:\/\/doslovic.com\/de\/produkt\/lavendelbeutel\/duftender-lavendelaufhaenger-mikelia\/#primaryimage","url":"https:\/\/doslovic.com\/wp-content\/uploads\/2019\/06\/mirisna-vje\u0161alica-mikelia.jpg","contentUrl":"https:\/\/doslovic.com\/wp-content\/uploads\/2019\/06\/mirisna-vje\u0161alica-mikelia.jpg","width":600,"height":831,"caption":"Tisak po \u017eelji kupca Na ukrasnoj vje\u0161alici idealnoj za namjenu u ku\u0107anstvu te hotelijerstvu nalazi se mirisna vre\u0107ica s vanjskim ukrasnim rubovima."},{"@type":"BreadcrumbList","@id":"https:\/\/doslovic.com\/de\/produkt\/lavendelbeutel\/duftender-lavendelaufhaenger-mikelia\/#breadcrumb","itemListElement":[{"@type":"ListItem","position":1,"name":"Home","item":"https:\/\/doslovic.com\/de\/"},{"@type":"ListItem","position":2,"name":"Trgovina","item":"https:\/\/doslovic.com\/trgovina\/"},{"@type":"ListItem","position":3,"name":"Duftender Lavendelaufh\u00e4nger Mikelia"}]},{"@type":"WebSite","@id":"https:\/\/doslovic.com\/#website","url":"https:\/\/doslovic.com\/","name":"Do\u0161lovi\u0107","description":"","potentialAction":[{"@type":"SearchAction","target":{"@type":"EntryPoint","urlTemplate":"https:\/\/doslovic.com\/?s={search_term_string}"},"query-input":{"@type":"PropertyValueSpecification","valueRequired":true,"valueName":"search_term_string"}}],"inLanguage":"de"}]}},"_links":{"self":[{"href":"https:\/\/doslovic.com\/de\/wp-json\/wp\/v2\/product\/2521","targetHints":{"allow":["GET"]}}],"collection":[{"href":"https:\/\/doslovic.com\/de\/wp-json\/wp\/v2\/product"}],"about":[{"href":"https:\/\/doslovic.com\/de\/wp-json\/wp\/v2\/types\/product"}],"wp:featuredmedia":[{"embeddable":true,"href":"https:\/\/doslovic.com\/de\/wp-json\/wp\/v2\/media\/2433"}],"wp:attachment":[{"href":"https:\/\/doslovic.com\/de\/wp-json\/wp\/v2\/media?parent=2521"}],"wp:term":[{"taxonomy":"product_brand","embeddable":true,"href":"https:\/\/doslovic.com\/de\/wp-json\/wp\/v2\/product_brand?post=2521"},{"taxonomy":"product_cat","embeddable":true,"href":"https:\/\/doslovic.com\/de\/wp-json\/wp\/v2\/product_cat?post=2521"},{"taxonomy":"product_tag","embeddable":true,"href":"https:\/\/doslovic.com\/de\/wp-json\/wp\/v2\/product_tag?post=2521"}],"curies":[{"name":"wp","href":"https:\/\/api.w.org\/{rel}","templated":true}]}}