{"id":2518,"date":"2019-06-18T09:28:56","date_gmt":"2019-06-28T17:11:35","guid":{"rendered":"https:\/\/doslovic.com\/?post_type=product&#038;p=2518"},"modified":"2019-06-28T17:11:36","modified_gmt":"2019-06-28T17:11:36","slug":"duftender-lavendelaufhaenger-ruselia","status":"publish","type":"product","link":"https:\/\/doslovic.com\/de\/produkt\/lavendelbeutel\/duftender-lavendelaufhaenger-ruselia\/","title":{"rendered":"Duftender Lavendelaufh\u00e4nger Ruselia"},"content":{"rendered":"","protected":false},"excerpt":{"rendered":"<p>Duftender Beutel Ruselia, 12 x 6cm, 10g<br \/>\nH\u00f6lzerner Aufh\u00e4nger 13 x,7,5cm<br \/>\nDruck nach Wunsch<br \/>\nAuf dem dekorativen Aufh\u00e4nger, der sich ideal f\u00fcr den Heim- und Hotelgebrauch eignet, befindet sich ein duftender Beutel, der nach Wunsch bedruckt werden kann.<\/p>\n","protected":false},"featured_media":2420,"template":"","meta":[],"product_brand":[],"product_cat":[88],"product_tag":[],"class_list":{"0":"post-2518","1":"product","2":"type-product","3":"status-publish","4":"has-post-thumbnail","6":"product_cat-lavendelbeutel","8":"first","9":"instock","10":"shipping-taxable","11":"purchasable","12":"product-type-simple"},"yoast_head":"<!-- This site is optimized with the Yoast SEO plugin v27.4 - https:\/\/yoast.com\/product\/yoast-seo-wordpress\/ -->\n<title>Duftender Lavendelaufh\u00e4nger Ruselia - Do\u0161lovi\u0107<\/title>\n<meta name=\"robots\" content=\"index, follow, max-snippet:-1, max-image-preview:large, max-video-preview:-1\" \/>\n<link rel=\"canonical\" href=\"https:\/\/doslovic.com\/de\/produkt\/lavendelbeutel\/duftender-lavendelaufhaenger-ruselia\/\" \/>\n<meta property=\"og:locale\" content=\"de_DE\" \/>\n<meta property=\"og:type\" content=\"article\" \/>\n<meta property=\"og:title\" content=\"Duftender Lavendelaufh\u00e4nger Ruselia - Do\u0161lovi\u0107\" \/>\n<meta property=\"og:description\" content=\"Duftender Beutel Ruselia, 12 x 6cm, 10g H\u00f6lzerner Aufh\u00e4nger 13 x,7,5cm Druck nach Wunsch Auf dem dekorativen Aufh\u00e4nger, der sich ideal f\u00fcr den Heim- und Hotelgebrauch eignet, befindet sich ein duftender Beutel, der nach Wunsch bedruckt werden kann.\" \/>\n<meta property=\"og:url\" content=\"https:\/\/doslovic.com\/de\/produkt\/lavendelbeutel\/duftender-lavendelaufhaenger-ruselia\/\" \/>\n<meta property=\"og:site_name\" content=\"Do\u0161lovi\u0107\" \/>\n<meta property=\"article:modified_time\" content=\"2019-06-28T17:11:36+00:00\" \/>\n<meta property=\"og:image\" content=\"https:\/\/doslovic.com\/wp-content\/uploads\/2019\/06\/mirisna-vje\u0161alica-ruselia.jpg\" \/>\n\t<meta property=\"og:image:width\" content=\"600\" \/>\n\t<meta property=\"og:image:height\" content=\"831\" \/>\n\t<meta property=\"og:image:type\" content=\"image\/jpeg\" \/>\n<meta name=\"twitter:card\" content=\"summary_large_image\" \/>\n<script type=\"application\/ld+json\" class=\"yoast-schema-graph\">{\"@context\":\"https:\\\/\\\/schema.org\",\"@graph\":[{\"@type\":\"WebPage\",\"@id\":\"https:\\\/\\\/doslovic.com\\\/de\\\/produkt\\\/lavendelbeutel\\\/duftender-lavendelaufhaenger-ruselia\\\/\",\"url\":\"https:\\\/\\\/doslovic.com\\\/de\\\/produkt\\\/lavendelbeutel\\\/duftender-lavendelaufhaenger-ruselia\\\/\",\"name\":\"Duftender Lavendelaufh\u00e4nger Ruselia - Do\u0161lovi\u0107\",\"isPartOf\":{\"@id\":\"https:\\\/\\\/doslovic.com\\\/#website\"},\"primaryImageOfPage\":{\"@id\":\"https:\\\/\\\/doslovic.com\\\/de\\\/produkt\\\/lavendelbeutel\\\/duftender-lavendelaufhaenger-ruselia\\\/#primaryimage\"},\"image\":{\"@id\":\"https:\\\/\\\/doslovic.com\\\/de\\\/produkt\\\/lavendelbeutel\\\/duftender-lavendelaufhaenger-ruselia\\\/#primaryimage\"},\"thumbnailUrl\":\"https:\\\/\\\/doslovic.com\\\/wp-content\\\/uploads\\\/2019\\\/06\\\/mirisna-vje\u0161alica-ruselia.jpg\",\"datePublished\":\"2019-06-28T17:11:35+00:00\",\"dateModified\":\"2019-06-28T17:11:36+00:00\",\"breadcrumb\":{\"@id\":\"https:\\\/\\\/doslovic.com\\\/de\\\/produkt\\\/lavendelbeutel\\\/duftender-lavendelaufhaenger-ruselia\\\/#breadcrumb\"},\"inLanguage\":\"de\",\"potentialAction\":[{\"@type\":\"ReadAction\",\"target\":[\"https:\\\/\\\/doslovic.com\\\/de\\\/produkt\\\/lavendelbeutel\\\/duftender-lavendelaufhaenger-ruselia\\\/\"]}]},{\"@type\":\"ImageObject\",\"inLanguage\":\"de\",\"@id\":\"https:\\\/\\\/doslovic.com\\\/de\\\/produkt\\\/lavendelbeutel\\\/duftender-lavendelaufhaenger-ruselia\\\/#primaryimage\",\"url\":\"https:\\\/\\\/doslovic.com\\\/wp-content\\\/uploads\\\/2019\\\/06\\\/mirisna-vje\u0161alica-ruselia.jpg\",\"contentUrl\":\"https:\\\/\\\/doslovic.com\\\/wp-content\\\/uploads\\\/2019\\\/06\\\/mirisna-vje\u0161alica-ruselia.jpg\",\"width\":600,\"height\":831,\"caption\":\"mirisna vje\u0161alica ruselia\"},{\"@type\":\"BreadcrumbList\",\"@id\":\"https:\\\/\\\/doslovic.com\\\/de\\\/produkt\\\/lavendelbeutel\\\/duftender-lavendelaufhaenger-ruselia\\\/#breadcrumb\",\"itemListElement\":[{\"@type\":\"ListItem\",\"position\":1,\"name\":\"Home\",\"item\":\"https:\\\/\\\/doslovic.com\\\/de\\\/\"},{\"@type\":\"ListItem\",\"position\":2,\"name\":\"Trgovina\",\"item\":\"https:\\\/\\\/doslovic.com\\\/trgovina\\\/\"},{\"@type\":\"ListItem\",\"position\":3,\"name\":\"Duftender Lavendelaufh\u00e4nger Ruselia\"}]},{\"@type\":\"WebSite\",\"@id\":\"https:\\\/\\\/doslovic.com\\\/#website\",\"url\":\"https:\\\/\\\/doslovic.com\\\/\",\"name\":\"Do\u0161lovi\u0107\",\"description\":\"\",\"potentialAction\":[{\"@type\":\"SearchAction\",\"target\":{\"@type\":\"EntryPoint\",\"urlTemplate\":\"https:\\\/\\\/doslovic.com\\\/?s={search_term_string}\"},\"query-input\":{\"@type\":\"PropertyValueSpecification\",\"valueRequired\":true,\"valueName\":\"search_term_string\"}}],\"inLanguage\":\"de\"}]}<\/script>\n<!-- \/ Yoast SEO plugin. -->","yoast_head_json":{"title":"Duftender Lavendelaufh\u00e4nger Ruselia - Do\u0161lovi\u0107","robots":{"index":"index","follow":"follow","max-snippet":"max-snippet:-1","max-image-preview":"max-image-preview:large","max-video-preview":"max-video-preview:-1"},"canonical":"https:\/\/doslovic.com\/de\/produkt\/lavendelbeutel\/duftender-lavendelaufhaenger-ruselia\/","og_locale":"de_DE","og_type":"article","og_title":"Duftender Lavendelaufh\u00e4nger Ruselia - Do\u0161lovi\u0107","og_description":"Duftender Beutel Ruselia, 12 x 6cm, 10g H\u00f6lzerner Aufh\u00e4nger 13 x,7,5cm Druck nach Wunsch Auf dem dekorativen Aufh\u00e4nger, der sich ideal f\u00fcr den Heim- und Hotelgebrauch eignet, befindet sich ein duftender Beutel, der nach Wunsch bedruckt werden kann.","og_url":"https:\/\/doslovic.com\/de\/produkt\/lavendelbeutel\/duftender-lavendelaufhaenger-ruselia\/","og_site_name":"Do\u0161lovi\u0107","article_modified_time":"2019-06-28T17:11:36+00:00","og_image":[{"width":600,"height":831,"url":"https:\/\/doslovic.com\/wp-content\/uploads\/2019\/06\/mirisna-vje\u0161alica-ruselia.jpg","type":"image\/jpeg"}],"twitter_card":"summary_large_image","schema":{"@context":"https:\/\/schema.org","@graph":[{"@type":"WebPage","@id":"https:\/\/doslovic.com\/de\/produkt\/lavendelbeutel\/duftender-lavendelaufhaenger-ruselia\/","url":"https:\/\/doslovic.com\/de\/produkt\/lavendelbeutel\/duftender-lavendelaufhaenger-ruselia\/","name":"Duftender Lavendelaufh\u00e4nger Ruselia - Do\u0161lovi\u0107","isPartOf":{"@id":"https:\/\/doslovic.com\/#website"},"primaryImageOfPage":{"@id":"https:\/\/doslovic.com\/de\/produkt\/lavendelbeutel\/duftender-lavendelaufhaenger-ruselia\/#primaryimage"},"image":{"@id":"https:\/\/doslovic.com\/de\/produkt\/lavendelbeutel\/duftender-lavendelaufhaenger-ruselia\/#primaryimage"},"thumbnailUrl":"https:\/\/doslovic.com\/wp-content\/uploads\/2019\/06\/mirisna-vje\u0161alica-ruselia.jpg","datePublished":"2019-06-28T17:11:35+00:00","dateModified":"2019-06-28T17:11:36+00:00","breadcrumb":{"@id":"https:\/\/doslovic.com\/de\/produkt\/lavendelbeutel\/duftender-lavendelaufhaenger-ruselia\/#breadcrumb"},"inLanguage":"de","potentialAction":[{"@type":"ReadAction","target":["https:\/\/doslovic.com\/de\/produkt\/lavendelbeutel\/duftender-lavendelaufhaenger-ruselia\/"]}]},{"@type":"ImageObject","inLanguage":"de","@id":"https:\/\/doslovic.com\/de\/produkt\/lavendelbeutel\/duftender-lavendelaufhaenger-ruselia\/#primaryimage","url":"https:\/\/doslovic.com\/wp-content\/uploads\/2019\/06\/mirisna-vje\u0161alica-ruselia.jpg","contentUrl":"https:\/\/doslovic.com\/wp-content\/uploads\/2019\/06\/mirisna-vje\u0161alica-ruselia.jpg","width":600,"height":831,"caption":"mirisna vje\u0161alica ruselia"},{"@type":"BreadcrumbList","@id":"https:\/\/doslovic.com\/de\/produkt\/lavendelbeutel\/duftender-lavendelaufhaenger-ruselia\/#breadcrumb","itemListElement":[{"@type":"ListItem","position":1,"name":"Home","item":"https:\/\/doslovic.com\/de\/"},{"@type":"ListItem","position":2,"name":"Trgovina","item":"https:\/\/doslovic.com\/trgovina\/"},{"@type":"ListItem","position":3,"name":"Duftender Lavendelaufh\u00e4nger Ruselia"}]},{"@type":"WebSite","@id":"https:\/\/doslovic.com\/#website","url":"https:\/\/doslovic.com\/","name":"Do\u0161lovi\u0107","description":"","potentialAction":[{"@type":"SearchAction","target":{"@type":"EntryPoint","urlTemplate":"https:\/\/doslovic.com\/?s={search_term_string}"},"query-input":{"@type":"PropertyValueSpecification","valueRequired":true,"valueName":"search_term_string"}}],"inLanguage":"de"}]}},"_links":{"self":[{"href":"https:\/\/doslovic.com\/de\/wp-json\/wp\/v2\/product\/2518","targetHints":{"allow":["GET"]}}],"collection":[{"href":"https:\/\/doslovic.com\/de\/wp-json\/wp\/v2\/product"}],"about":[{"href":"https:\/\/doslovic.com\/de\/wp-json\/wp\/v2\/types\/product"}],"wp:featuredmedia":[{"embeddable":true,"href":"https:\/\/doslovic.com\/de\/wp-json\/wp\/v2\/media\/2420"}],"wp:attachment":[{"href":"https:\/\/doslovic.com\/de\/wp-json\/wp\/v2\/media?parent=2518"}],"wp:term":[{"taxonomy":"product_brand","embeddable":true,"href":"https:\/\/doslovic.com\/de\/wp-json\/wp\/v2\/product_brand?post=2518"},{"taxonomy":"product_cat","embeddable":true,"href":"https:\/\/doslovic.com\/de\/wp-json\/wp\/v2\/product_cat?post=2518"},{"taxonomy":"product_tag","embeddable":true,"href":"https:\/\/doslovic.com\/de\/wp-json\/wp\/v2\/product_tag?post=2518"}],"curies":[{"name":"wp","href":"https:\/\/api.w.org\/{rel}","templated":true}]}}