{"id":1788,"date":"2018-12-09T20:05:16","date_gmt":"2018-12-09T20:05:16","guid":{"rendered":"https:\/\/doslovic.com\/proizvod\/unkategorisiert\/lavendelbeutel-lewisia"},"modified":"2018-12-19T12:43:25","modified_gmt":"2018-12-19T12:43:25","slug":"lavendelbeutel-lewisia","status":"publish","type":"product","link":"https:\/\/doslovic.com\/de\/produkt\/lavendelbeutel\/lavendelbeutel-lewisia\/","title":{"rendered":"Lavendelbeutel Lewisia"},"content":{"rendered":"","protected":false},"excerpt":{"rendered":"<p>20x6cm<br \/>\n20g<br \/>\nDekorativer oberer Au\u00dfenrand<br \/>\n<!--Optionaler Druck dekorativer Motive nach Wunsch<br \/>\nMindestbestellmenge: 500 St\u00fcck<br \/>\nIli 500 komada u kombinaciji sa artiklom <a href=\"produkt\/lavendelbeutel\/lavendelbeutel-armeria\">Lavendelbeutel Armeria<\/a>-->Die Beutel sind mit einem Anker oder Leuchttrum und mit St\u00e4dtenamen bedruckt, die man nach Ihrem Wunsch \u00e4ndern kann.<br \/>\nMindestbestellmenge betr\u00e4gt 500 St\u00fcck und man kann verschiedene Motive und Aufschriften kombinieren.<\/p>\n","protected":false},"featured_media":1506,"template":"","meta":[],"product_brand":[],"product_cat":[88],"product_tag":[],"class_list":{"0":"post-1788","1":"product","2":"type-product","3":"status-publish","4":"has-post-thumbnail","6":"product_cat-lavendelbeutel","8":"first","9":"instock","10":"shipping-taxable","11":"purchasable","12":"product-type-simple"},"yoast_head":"<!-- This site is optimized with the Yoast SEO plugin v27.4 - https:\/\/yoast.com\/product\/yoast-seo-wordpress\/ -->\n<title>Lavendelbeutel Lewisia - Do\u0161lovi\u0107<\/title>\n<meta name=\"robots\" content=\"index, follow, max-snippet:-1, max-image-preview:large, max-video-preview:-1\" \/>\n<link rel=\"canonical\" href=\"https:\/\/doslovic.com\/de\/produkt\/lavendelbeutel\/lavendelbeutel-lewisia\/\" \/>\n<meta property=\"og:locale\" content=\"de_DE\" \/>\n<meta property=\"og:type\" content=\"article\" \/>\n<meta property=\"og:title\" content=\"Lavendelbeutel Lewisia - Do\u0161lovi\u0107\" \/>\n<meta property=\"og:description\" content=\"20x6cm 20g Dekorativer oberer Au\u00dfenrand Die Beutel sind mit einem Anker oder Leuchttrum und mit St\u00e4dtenamen bedruckt, die man nach Ihrem Wunsch \u00e4ndern kann.  Mindestbestellmenge betr\u00e4gt 500 St\u00fcck und man kann verschiedene Motive und Aufschriften kombinieren.\" \/>\n<meta property=\"og:url\" content=\"https:\/\/doslovic.com\/de\/produkt\/lavendelbeutel\/lavendelbeutel-lewisia\/\" \/>\n<meta property=\"og:site_name\" content=\"Do\u0161lovi\u0107\" \/>\n<meta property=\"article:modified_time\" content=\"2018-12-19T12:43:25+00:00\" \/>\n<meta property=\"og:image\" content=\"https:\/\/doslovic.com\/wp-content\/uploads\/2018\/12\/vre\u0107ica-lavande-Lewisia.jpg\" \/>\n\t<meta property=\"og:image:width\" content=\"600\" \/>\n\t<meta property=\"og:image:height\" content=\"937\" \/>\n\t<meta property=\"og:image:type\" content=\"image\/jpeg\" \/>\n<meta name=\"twitter:card\" content=\"summary_large_image\" \/>\n<script type=\"application\/ld+json\" class=\"yoast-schema-graph\">{\"@context\":\"https:\\\/\\\/schema.org\",\"@graph\":[{\"@type\":\"WebPage\",\"@id\":\"https:\\\/\\\/doslovic.com\\\/de\\\/produkt\\\/lavendelbeutel\\\/lavendelbeutel-lewisia\\\/\",\"url\":\"https:\\\/\\\/doslovic.com\\\/de\\\/produkt\\\/lavendelbeutel\\\/lavendelbeutel-lewisia\\\/\",\"name\":\"Lavendelbeutel Lewisia - Do\u0161lovi\u0107\",\"isPartOf\":{\"@id\":\"https:\\\/\\\/doslovic.com\\\/#website\"},\"primaryImageOfPage\":{\"@id\":\"https:\\\/\\\/doslovic.com\\\/de\\\/produkt\\\/lavendelbeutel\\\/lavendelbeutel-lewisia\\\/#primaryimage\"},\"image\":{\"@id\":\"https:\\\/\\\/doslovic.com\\\/de\\\/produkt\\\/lavendelbeutel\\\/lavendelbeutel-lewisia\\\/#primaryimage\"},\"thumbnailUrl\":\"https:\\\/\\\/doslovic.com\\\/wp-content\\\/uploads\\\/2018\\\/12\\\/vre\u0107ica-lavande-Lewisia.jpg\",\"datePublished\":\"2018-12-09T20:05:16+00:00\",\"dateModified\":\"2018-12-19T12:43:25+00:00\",\"breadcrumb\":{\"@id\":\"https:\\\/\\\/doslovic.com\\\/de\\\/produkt\\\/lavendelbeutel\\\/lavendelbeutel-lewisia\\\/#breadcrumb\"},\"inLanguage\":\"de\",\"potentialAction\":[{\"@type\":\"ReadAction\",\"target\":[\"https:\\\/\\\/doslovic.com\\\/de\\\/produkt\\\/lavendelbeutel\\\/lavendelbeutel-lewisia\\\/\"]}]},{\"@type\":\"ImageObject\",\"inLanguage\":\"de\",\"@id\":\"https:\\\/\\\/doslovic.com\\\/de\\\/produkt\\\/lavendelbeutel\\\/lavendelbeutel-lewisia\\\/#primaryimage\",\"url\":\"https:\\\/\\\/doslovic.com\\\/wp-content\\\/uploads\\\/2018\\\/12\\\/vre\u0107ica-lavande-Lewisia.jpg\",\"contentUrl\":\"https:\\\/\\\/doslovic.com\\\/wp-content\\\/uploads\\\/2018\\\/12\\\/vre\u0107ica-lavande-Lewisia.jpg\",\"width\":600,\"height\":937,\"caption\":\"Lavendelbeutel Lewisia\"},{\"@type\":\"BreadcrumbList\",\"@id\":\"https:\\\/\\\/doslovic.com\\\/de\\\/produkt\\\/lavendelbeutel\\\/lavendelbeutel-lewisia\\\/#breadcrumb\",\"itemListElement\":[{\"@type\":\"ListItem\",\"position\":1,\"name\":\"Home\",\"item\":\"https:\\\/\\\/doslovic.com\\\/de\\\/\"},{\"@type\":\"ListItem\",\"position\":2,\"name\":\"Trgovina\",\"item\":\"https:\\\/\\\/doslovic.com\\\/trgovina\\\/\"},{\"@type\":\"ListItem\",\"position\":3,\"name\":\"Lavendelbeutel Lewisia\"}]},{\"@type\":\"WebSite\",\"@id\":\"https:\\\/\\\/doslovic.com\\\/#website\",\"url\":\"https:\\\/\\\/doslovic.com\\\/\",\"name\":\"Do\u0161lovi\u0107\",\"description\":\"\",\"potentialAction\":[{\"@type\":\"SearchAction\",\"target\":{\"@type\":\"EntryPoint\",\"urlTemplate\":\"https:\\\/\\\/doslovic.com\\\/?s={search_term_string}\"},\"query-input\":{\"@type\":\"PropertyValueSpecification\",\"valueRequired\":true,\"valueName\":\"search_term_string\"}}],\"inLanguage\":\"de\"}]}<\/script>\n<!-- \/ Yoast SEO plugin. -->","yoast_head_json":{"title":"Lavendelbeutel Lewisia - Do\u0161lovi\u0107","robots":{"index":"index","follow":"follow","max-snippet":"max-snippet:-1","max-image-preview":"max-image-preview:large","max-video-preview":"max-video-preview:-1"},"canonical":"https:\/\/doslovic.com\/de\/produkt\/lavendelbeutel\/lavendelbeutel-lewisia\/","og_locale":"de_DE","og_type":"article","og_title":"Lavendelbeutel Lewisia - Do\u0161lovi\u0107","og_description":"20x6cm 20g Dekorativer oberer Au\u00dfenrand Die Beutel sind mit einem Anker oder Leuchttrum und mit St\u00e4dtenamen bedruckt, die man nach Ihrem Wunsch \u00e4ndern kann.  Mindestbestellmenge betr\u00e4gt 500 St\u00fcck und man kann verschiedene Motive und Aufschriften kombinieren.","og_url":"https:\/\/doslovic.com\/de\/produkt\/lavendelbeutel\/lavendelbeutel-lewisia\/","og_site_name":"Do\u0161lovi\u0107","article_modified_time":"2018-12-19T12:43:25+00:00","og_image":[{"width":600,"height":937,"url":"https:\/\/doslovic.com\/wp-content\/uploads\/2018\/12\/vre\u0107ica-lavande-Lewisia.jpg","type":"image\/jpeg"}],"twitter_card":"summary_large_image","schema":{"@context":"https:\/\/schema.org","@graph":[{"@type":"WebPage","@id":"https:\/\/doslovic.com\/de\/produkt\/lavendelbeutel\/lavendelbeutel-lewisia\/","url":"https:\/\/doslovic.com\/de\/produkt\/lavendelbeutel\/lavendelbeutel-lewisia\/","name":"Lavendelbeutel Lewisia - Do\u0161lovi\u0107","isPartOf":{"@id":"https:\/\/doslovic.com\/#website"},"primaryImageOfPage":{"@id":"https:\/\/doslovic.com\/de\/produkt\/lavendelbeutel\/lavendelbeutel-lewisia\/#primaryimage"},"image":{"@id":"https:\/\/doslovic.com\/de\/produkt\/lavendelbeutel\/lavendelbeutel-lewisia\/#primaryimage"},"thumbnailUrl":"https:\/\/doslovic.com\/wp-content\/uploads\/2018\/12\/vre\u0107ica-lavande-Lewisia.jpg","datePublished":"2018-12-09T20:05:16+00:00","dateModified":"2018-12-19T12:43:25+00:00","breadcrumb":{"@id":"https:\/\/doslovic.com\/de\/produkt\/lavendelbeutel\/lavendelbeutel-lewisia\/#breadcrumb"},"inLanguage":"de","potentialAction":[{"@type":"ReadAction","target":["https:\/\/doslovic.com\/de\/produkt\/lavendelbeutel\/lavendelbeutel-lewisia\/"]}]},{"@type":"ImageObject","inLanguage":"de","@id":"https:\/\/doslovic.com\/de\/produkt\/lavendelbeutel\/lavendelbeutel-lewisia\/#primaryimage","url":"https:\/\/doslovic.com\/wp-content\/uploads\/2018\/12\/vre\u0107ica-lavande-Lewisia.jpg","contentUrl":"https:\/\/doslovic.com\/wp-content\/uploads\/2018\/12\/vre\u0107ica-lavande-Lewisia.jpg","width":600,"height":937,"caption":"Lavendelbeutel Lewisia"},{"@type":"BreadcrumbList","@id":"https:\/\/doslovic.com\/de\/produkt\/lavendelbeutel\/lavendelbeutel-lewisia\/#breadcrumb","itemListElement":[{"@type":"ListItem","position":1,"name":"Home","item":"https:\/\/doslovic.com\/de\/"},{"@type":"ListItem","position":2,"name":"Trgovina","item":"https:\/\/doslovic.com\/trgovina\/"},{"@type":"ListItem","position":3,"name":"Lavendelbeutel Lewisia"}]},{"@type":"WebSite","@id":"https:\/\/doslovic.com\/#website","url":"https:\/\/doslovic.com\/","name":"Do\u0161lovi\u0107","description":"","potentialAction":[{"@type":"SearchAction","target":{"@type":"EntryPoint","urlTemplate":"https:\/\/doslovic.com\/?s={search_term_string}"},"query-input":{"@type":"PropertyValueSpecification","valueRequired":true,"valueName":"search_term_string"}}],"inLanguage":"de"}]}},"_links":{"self":[{"href":"https:\/\/doslovic.com\/de\/wp-json\/wp\/v2\/product\/1788","targetHints":{"allow":["GET"]}}],"collection":[{"href":"https:\/\/doslovic.com\/de\/wp-json\/wp\/v2\/product"}],"about":[{"href":"https:\/\/doslovic.com\/de\/wp-json\/wp\/v2\/types\/product"}],"wp:featuredmedia":[{"embeddable":true,"href":"https:\/\/doslovic.com\/de\/wp-json\/wp\/v2\/media\/1506"}],"wp:attachment":[{"href":"https:\/\/doslovic.com\/de\/wp-json\/wp\/v2\/media?parent=1788"}],"wp:term":[{"taxonomy":"product_brand","embeddable":true,"href":"https:\/\/doslovic.com\/de\/wp-json\/wp\/v2\/product_brand?post=1788"},{"taxonomy":"product_cat","embeddable":true,"href":"https:\/\/doslovic.com\/de\/wp-json\/wp\/v2\/product_cat?post=1788"},{"taxonomy":"product_tag","embeddable":true,"href":"https:\/\/doslovic.com\/de\/wp-json\/wp\/v2\/product_tag?post=1788"}],"curies":[{"name":"wp","href":"https:\/\/api.w.org\/{rel}","templated":true}]}}