{"id":1726,"date":"2018-12-04T22:03:31","date_gmt":"2018-12-04T22:03:31","guid":{"rendered":"https:\/\/doslovic.com\/proizvod\/unkategorisiert\/lavendelkissen-varia"},"modified":"2018-12-04T22:03:31","modified_gmt":"2018-12-04T22:03:31","slug":"lavendelkissen-varia","status":"publish","type":"product","link":"https:\/\/doslovic.com\/de\/produkt\/lavendelbeutel\/lavendelkissen-varia\/","title":{"rendered":"Lavendelkissen Varia"},"content":{"rendered":"","protected":false},"excerpt":{"rendered":"<p>8,5&#215;8,5cm<br \/>\n10g<br \/>\nDekorative Au\u00dfenr\u00e4nder im Zickzack<br \/>\nMindestbestellmenge pro Artikel: 250 St\u00fcck<\/p>\n","protected":false},"featured_media":1228,"template":"","meta":[],"product_brand":[],"product_cat":[88],"product_tag":[],"class_list":{"0":"post-1726","1":"product","2":"type-product","3":"status-publish","4":"has-post-thumbnail","6":"product_cat-lavendelbeutel","8":"first","9":"instock","10":"shipping-taxable","11":"purchasable","12":"product-type-simple"},"yoast_head":"<!-- This site is optimized with the Yoast SEO plugin v26.5 - https:\/\/yoast.com\/wordpress\/plugins\/seo\/ -->\n<title>Lavendelkissen Varia - Do\u0161lovi\u0107<\/title>\n<meta name=\"robots\" content=\"index, follow, max-snippet:-1, max-image-preview:large, max-video-preview:-1\" \/>\n<link rel=\"canonical\" href=\"https:\/\/doslovic.com\/de\/produkt\/lavendelbeutel\/lavendelkissen-varia\/\" \/>\n<meta property=\"og:locale\" content=\"de_DE\" \/>\n<meta property=\"og:type\" content=\"article\" \/>\n<meta property=\"og:title\" content=\"Lavendelkissen Varia - Do\u0161lovi\u0107\" \/>\n<meta property=\"og:description\" content=\"8,5x8,5cm 10g Dekorative Au\u00dfenr\u00e4nder im Zickzack Mindestbestellmenge pro Artikel: 250 St\u00fcck\" \/>\n<meta property=\"og:url\" content=\"https:\/\/doslovic.com\/de\/produkt\/lavendelbeutel\/lavendelkissen-varia\/\" \/>\n<meta property=\"og:site_name\" content=\"Do\u0161lovi\u0107\" \/>\n<meta property=\"og:image\" content=\"https:\/\/doslovic.com\/wp-content\/uploads\/2018\/12\/mirisni-jastu\u010di\u0107i-lavande-Varia.jpg\" \/>\n\t<meta property=\"og:image:width\" content=\"600\" \/>\n\t<meta property=\"og:image:height\" content=\"600\" \/>\n\t<meta property=\"og:image:type\" content=\"image\/jpeg\" \/>\n<meta name=\"twitter:card\" content=\"summary_large_image\" \/>\n<script type=\"application\/ld+json\" class=\"yoast-schema-graph\">{\"@context\":\"https:\/\/schema.org\",\"@graph\":[{\"@type\":\"WebPage\",\"@id\":\"https:\/\/doslovic.com\/de\/produkt\/lavendelbeutel\/lavendelkissen-varia\/\",\"url\":\"https:\/\/doslovic.com\/de\/produkt\/lavendelbeutel\/lavendelkissen-varia\/\",\"name\":\"Lavendelkissen Varia - Do\u0161lovi\u0107\",\"isPartOf\":{\"@id\":\"https:\/\/doslovic.com\/#website\"},\"primaryImageOfPage\":{\"@id\":\"https:\/\/doslovic.com\/de\/produkt\/lavendelbeutel\/lavendelkissen-varia\/#primaryimage\"},\"image\":{\"@id\":\"https:\/\/doslovic.com\/de\/produkt\/lavendelbeutel\/lavendelkissen-varia\/#primaryimage\"},\"thumbnailUrl\":\"https:\/\/doslovic.com\/wp-content\/uploads\/2018\/12\/mirisni-jastu\u010di\u0107i-lavande-Varia.jpg\",\"datePublished\":\"2018-12-04T22:03:31+00:00\",\"breadcrumb\":{\"@id\":\"https:\/\/doslovic.com\/de\/produkt\/lavendelbeutel\/lavendelkissen-varia\/#breadcrumb\"},\"inLanguage\":\"de\",\"potentialAction\":[{\"@type\":\"ReadAction\",\"target\":[\"https:\/\/doslovic.com\/de\/produkt\/lavendelbeutel\/lavendelkissen-varia\/\"]}]},{\"@type\":\"ImageObject\",\"inLanguage\":\"de\",\"@id\":\"https:\/\/doslovic.com\/de\/produkt\/lavendelbeutel\/lavendelkissen-varia\/#primaryimage\",\"url\":\"https:\/\/doslovic.com\/wp-content\/uploads\/2018\/12\/mirisni-jastu\u010di\u0107i-lavande-Varia.jpg\",\"contentUrl\":\"https:\/\/doslovic.com\/wp-content\/uploads\/2018\/12\/mirisni-jastu\u010di\u0107i-lavande-Varia.jpg\",\"width\":600,\"height\":600,\"caption\":\"Lavendelkissen Varia\"},{\"@type\":\"BreadcrumbList\",\"@id\":\"https:\/\/doslovic.com\/de\/produkt\/lavendelbeutel\/lavendelkissen-varia\/#breadcrumb\",\"itemListElement\":[{\"@type\":\"ListItem\",\"position\":1,\"name\":\"Home\",\"item\":\"https:\/\/doslovic.com\/de\/\"},{\"@type\":\"ListItem\",\"position\":2,\"name\":\"Trgovina\",\"item\":\"https:\/\/doslovic.com\/trgovina\/\"},{\"@type\":\"ListItem\",\"position\":3,\"name\":\"Lavendelkissen Varia\"}]},{\"@type\":\"WebSite\",\"@id\":\"https:\/\/doslovic.com\/#website\",\"url\":\"https:\/\/doslovic.com\/\",\"name\":\"Do\u0161lovi\u0107\",\"description\":\"\",\"potentialAction\":[{\"@type\":\"SearchAction\",\"target\":{\"@type\":\"EntryPoint\",\"urlTemplate\":\"https:\/\/doslovic.com\/?s={search_term_string}\"},\"query-input\":{\"@type\":\"PropertyValueSpecification\",\"valueRequired\":true,\"valueName\":\"search_term_string\"}}],\"inLanguage\":\"de\"}]}<\/script>\n<!-- \/ Yoast SEO plugin. -->","yoast_head_json":{"title":"Lavendelkissen Varia - Do\u0161lovi\u0107","robots":{"index":"index","follow":"follow","max-snippet":"max-snippet:-1","max-image-preview":"max-image-preview:large","max-video-preview":"max-video-preview:-1"},"canonical":"https:\/\/doslovic.com\/de\/produkt\/lavendelbeutel\/lavendelkissen-varia\/","og_locale":"de_DE","og_type":"article","og_title":"Lavendelkissen Varia - Do\u0161lovi\u0107","og_description":"8,5x8,5cm 10g Dekorative Au\u00dfenr\u00e4nder im Zickzack Mindestbestellmenge pro Artikel: 250 St\u00fcck","og_url":"https:\/\/doslovic.com\/de\/produkt\/lavendelbeutel\/lavendelkissen-varia\/","og_site_name":"Do\u0161lovi\u0107","og_image":[{"width":600,"height":600,"url":"https:\/\/doslovic.com\/wp-content\/uploads\/2018\/12\/mirisni-jastu\u010di\u0107i-lavande-Varia.jpg","type":"image\/jpeg"}],"twitter_card":"summary_large_image","schema":{"@context":"https:\/\/schema.org","@graph":[{"@type":"WebPage","@id":"https:\/\/doslovic.com\/de\/produkt\/lavendelbeutel\/lavendelkissen-varia\/","url":"https:\/\/doslovic.com\/de\/produkt\/lavendelbeutel\/lavendelkissen-varia\/","name":"Lavendelkissen Varia - Do\u0161lovi\u0107","isPartOf":{"@id":"https:\/\/doslovic.com\/#website"},"primaryImageOfPage":{"@id":"https:\/\/doslovic.com\/de\/produkt\/lavendelbeutel\/lavendelkissen-varia\/#primaryimage"},"image":{"@id":"https:\/\/doslovic.com\/de\/produkt\/lavendelbeutel\/lavendelkissen-varia\/#primaryimage"},"thumbnailUrl":"https:\/\/doslovic.com\/wp-content\/uploads\/2018\/12\/mirisni-jastu\u010di\u0107i-lavande-Varia.jpg","datePublished":"2018-12-04T22:03:31+00:00","breadcrumb":{"@id":"https:\/\/doslovic.com\/de\/produkt\/lavendelbeutel\/lavendelkissen-varia\/#breadcrumb"},"inLanguage":"de","potentialAction":[{"@type":"ReadAction","target":["https:\/\/doslovic.com\/de\/produkt\/lavendelbeutel\/lavendelkissen-varia\/"]}]},{"@type":"ImageObject","inLanguage":"de","@id":"https:\/\/doslovic.com\/de\/produkt\/lavendelbeutel\/lavendelkissen-varia\/#primaryimage","url":"https:\/\/doslovic.com\/wp-content\/uploads\/2018\/12\/mirisni-jastu\u010di\u0107i-lavande-Varia.jpg","contentUrl":"https:\/\/doslovic.com\/wp-content\/uploads\/2018\/12\/mirisni-jastu\u010di\u0107i-lavande-Varia.jpg","width":600,"height":600,"caption":"Lavendelkissen Varia"},{"@type":"BreadcrumbList","@id":"https:\/\/doslovic.com\/de\/produkt\/lavendelbeutel\/lavendelkissen-varia\/#breadcrumb","itemListElement":[{"@type":"ListItem","position":1,"name":"Home","item":"https:\/\/doslovic.com\/de\/"},{"@type":"ListItem","position":2,"name":"Trgovina","item":"https:\/\/doslovic.com\/trgovina\/"},{"@type":"ListItem","position":3,"name":"Lavendelkissen Varia"}]},{"@type":"WebSite","@id":"https:\/\/doslovic.com\/#website","url":"https:\/\/doslovic.com\/","name":"Do\u0161lovi\u0107","description":"","potentialAction":[{"@type":"SearchAction","target":{"@type":"EntryPoint","urlTemplate":"https:\/\/doslovic.com\/?s={search_term_string}"},"query-input":{"@type":"PropertyValueSpecification","valueRequired":true,"valueName":"search_term_string"}}],"inLanguage":"de"}]}},"_links":{"self":[{"href":"https:\/\/doslovic.com\/de\/wp-json\/wp\/v2\/product\/1726","targetHints":{"allow":["GET"]}}],"collection":[{"href":"https:\/\/doslovic.com\/de\/wp-json\/wp\/v2\/product"}],"about":[{"href":"https:\/\/doslovic.com\/de\/wp-json\/wp\/v2\/types\/product"}],"wp:featuredmedia":[{"embeddable":true,"href":"https:\/\/doslovic.com\/de\/wp-json\/wp\/v2\/media\/1228"}],"wp:attachment":[{"href":"https:\/\/doslovic.com\/de\/wp-json\/wp\/v2\/media?parent=1726"}],"wp:term":[{"taxonomy":"product_brand","embeddable":true,"href":"https:\/\/doslovic.com\/de\/wp-json\/wp\/v2\/product_brand?post=1726"},{"taxonomy":"product_cat","embeddable":true,"href":"https:\/\/doslovic.com\/de\/wp-json\/wp\/v2\/product_cat?post=1726"},{"taxonomy":"product_tag","embeddable":true,"href":"https:\/\/doslovic.com\/de\/wp-json\/wp\/v2\/product_tag?post=1726"}],"curies":[{"name":"wp","href":"https:\/\/api.w.org\/{rel}","templated":true}]}}