{"id":1662,"date":"2018-11-30T12:05:29","date_gmt":"2018-11-30T12:05:29","guid":{"rendered":"https:\/\/doslovic.com\/proizvod\/unkategorisiert\/atherisches-lavendelol"},"modified":"2019-01-03T11:07:47","modified_gmt":"2019-01-03T11:07:47","slug":"atherisches-lavendelol","status":"publish","type":"product","link":"https:\/\/doslovic.com\/de\/produkt\/atherisches-lavendelol\/atherisches-lavendelol\/","title":{"rendered":"\u00c4therisches Lavendel\u00f6l"},"content":{"rendered":"","protected":false},"excerpt":{"rendered":"<p>10ml<br \/>\nMindestbestellmenge: 50 St\u00fcck<\/p>\n","protected":false},"featured_media":2316,"template":"","meta":[],"product_brand":[],"product_cat":[94],"product_tag":[],"class_list":{"0":"post-1662","1":"product","2":"type-product","3":"status-publish","4":"has-post-thumbnail","6":"product_cat-atherisches-lavendelol","8":"first","9":"instock","10":"shipping-taxable","11":"purchasable","12":"product-type-simple"},"yoast_head":"<!-- This site is optimized with the Yoast SEO plugin v26.5 - https:\/\/yoast.com\/wordpress\/plugins\/seo\/ -->\n<title>\u00c4therisches Lavendel\u00f6l - Do\u0161lovi\u0107<\/title>\n<meta name=\"robots\" content=\"index, follow, max-snippet:-1, max-image-preview:large, max-video-preview:-1\" \/>\n<link rel=\"canonical\" href=\"https:\/\/doslovic.com\/de\/produkt\/atherisches-lavendelol\/atherisches-lavendelol\/\" \/>\n<meta property=\"og:locale\" content=\"de_DE\" \/>\n<meta property=\"og:type\" content=\"article\" \/>\n<meta property=\"og:title\" content=\"\u00c4therisches Lavendel\u00f6l - Do\u0161lovi\u0107\" \/>\n<meta property=\"og:description\" content=\"10ml Mindestbestellmenge: 50 St\u00fcck\" \/>\n<meta property=\"og:url\" content=\"https:\/\/doslovic.com\/de\/produkt\/atherisches-lavendelol\/atherisches-lavendelol\/\" \/>\n<meta property=\"og:site_name\" content=\"Do\u0161lovi\u0107\" \/>\n<meta property=\"article:modified_time\" content=\"2019-01-03T11:07:47+00:00\" \/>\n<meta property=\"og:image\" content=\"https:\/\/doslovic.com\/wp-content\/uploads\/2019\/01\/etericno-ulje.jpg\" \/>\n\t<meta property=\"og:image:width\" content=\"600\" \/>\n\t<meta property=\"og:image:height\" content=\"679\" \/>\n\t<meta property=\"og:image:type\" content=\"image\/jpeg\" \/>\n<meta name=\"twitter:card\" content=\"summary_large_image\" \/>\n<script type=\"application\/ld+json\" class=\"yoast-schema-graph\">{\"@context\":\"https:\/\/schema.org\",\"@graph\":[{\"@type\":\"WebPage\",\"@id\":\"https:\/\/doslovic.com\/de\/produkt\/atherisches-lavendelol\/atherisches-lavendelol\/\",\"url\":\"https:\/\/doslovic.com\/de\/produkt\/atherisches-lavendelol\/atherisches-lavendelol\/\",\"name\":\"\u00c4therisches Lavendel\u00f6l - Do\u0161lovi\u0107\",\"isPartOf\":{\"@id\":\"https:\/\/doslovic.com\/#website\"},\"primaryImageOfPage\":{\"@id\":\"https:\/\/doslovic.com\/de\/produkt\/atherisches-lavendelol\/atherisches-lavendelol\/#primaryimage\"},\"image\":{\"@id\":\"https:\/\/doslovic.com\/de\/produkt\/atherisches-lavendelol\/atherisches-lavendelol\/#primaryimage\"},\"thumbnailUrl\":\"https:\/\/doslovic.com\/wp-content\/uploads\/2019\/01\/etericno-ulje.jpg\",\"datePublished\":\"2018-11-30T12:05:29+00:00\",\"dateModified\":\"2019-01-03T11:07:47+00:00\",\"breadcrumb\":{\"@id\":\"https:\/\/doslovic.com\/de\/produkt\/atherisches-lavendelol\/atherisches-lavendelol\/#breadcrumb\"},\"inLanguage\":\"de\",\"potentialAction\":[{\"@type\":\"ReadAction\",\"target\":[\"https:\/\/doslovic.com\/de\/produkt\/atherisches-lavendelol\/atherisches-lavendelol\/\"]}]},{\"@type\":\"ImageObject\",\"inLanguage\":\"de\",\"@id\":\"https:\/\/doslovic.com\/de\/produkt\/atherisches-lavendelol\/atherisches-lavendelol\/#primaryimage\",\"url\":\"https:\/\/doslovic.com\/wp-content\/uploads\/2019\/01\/etericno-ulje.jpg\",\"contentUrl\":\"https:\/\/doslovic.com\/wp-content\/uploads\/2019\/01\/etericno-ulje.jpg\",\"width\":600,\"height\":679,\"caption\":\"etericno ulje lavande\"},{\"@type\":\"BreadcrumbList\",\"@id\":\"https:\/\/doslovic.com\/de\/produkt\/atherisches-lavendelol\/atherisches-lavendelol\/#breadcrumb\",\"itemListElement\":[{\"@type\":\"ListItem\",\"position\":1,\"name\":\"Home\",\"item\":\"https:\/\/doslovic.com\/de\/\"},{\"@type\":\"ListItem\",\"position\":2,\"name\":\"Trgovina\",\"item\":\"https:\/\/doslovic.com\/trgovina\/\"},{\"@type\":\"ListItem\",\"position\":3,\"name\":\"\u00c4therisches Lavendel\u00f6l\"}]},{\"@type\":\"WebSite\",\"@id\":\"https:\/\/doslovic.com\/#website\",\"url\":\"https:\/\/doslovic.com\/\",\"name\":\"Do\u0161lovi\u0107\",\"description\":\"\",\"potentialAction\":[{\"@type\":\"SearchAction\",\"target\":{\"@type\":\"EntryPoint\",\"urlTemplate\":\"https:\/\/doslovic.com\/?s={search_term_string}\"},\"query-input\":{\"@type\":\"PropertyValueSpecification\",\"valueRequired\":true,\"valueName\":\"search_term_string\"}}],\"inLanguage\":\"de\"}]}<\/script>\n<!-- \/ Yoast SEO plugin. -->","yoast_head_json":{"title":"\u00c4therisches Lavendel\u00f6l - Do\u0161lovi\u0107","robots":{"index":"index","follow":"follow","max-snippet":"max-snippet:-1","max-image-preview":"max-image-preview:large","max-video-preview":"max-video-preview:-1"},"canonical":"https:\/\/doslovic.com\/de\/produkt\/atherisches-lavendelol\/atherisches-lavendelol\/","og_locale":"de_DE","og_type":"article","og_title":"\u00c4therisches Lavendel\u00f6l - Do\u0161lovi\u0107","og_description":"10ml Mindestbestellmenge: 50 St\u00fcck","og_url":"https:\/\/doslovic.com\/de\/produkt\/atherisches-lavendelol\/atherisches-lavendelol\/","og_site_name":"Do\u0161lovi\u0107","article_modified_time":"2019-01-03T11:07:47+00:00","og_image":[{"width":600,"height":679,"url":"https:\/\/doslovic.com\/wp-content\/uploads\/2019\/01\/etericno-ulje.jpg","type":"image\/jpeg"}],"twitter_card":"summary_large_image","schema":{"@context":"https:\/\/schema.org","@graph":[{"@type":"WebPage","@id":"https:\/\/doslovic.com\/de\/produkt\/atherisches-lavendelol\/atherisches-lavendelol\/","url":"https:\/\/doslovic.com\/de\/produkt\/atherisches-lavendelol\/atherisches-lavendelol\/","name":"\u00c4therisches Lavendel\u00f6l - Do\u0161lovi\u0107","isPartOf":{"@id":"https:\/\/doslovic.com\/#website"},"primaryImageOfPage":{"@id":"https:\/\/doslovic.com\/de\/produkt\/atherisches-lavendelol\/atherisches-lavendelol\/#primaryimage"},"image":{"@id":"https:\/\/doslovic.com\/de\/produkt\/atherisches-lavendelol\/atherisches-lavendelol\/#primaryimage"},"thumbnailUrl":"https:\/\/doslovic.com\/wp-content\/uploads\/2019\/01\/etericno-ulje.jpg","datePublished":"2018-11-30T12:05:29+00:00","dateModified":"2019-01-03T11:07:47+00:00","breadcrumb":{"@id":"https:\/\/doslovic.com\/de\/produkt\/atherisches-lavendelol\/atherisches-lavendelol\/#breadcrumb"},"inLanguage":"de","potentialAction":[{"@type":"ReadAction","target":["https:\/\/doslovic.com\/de\/produkt\/atherisches-lavendelol\/atherisches-lavendelol\/"]}]},{"@type":"ImageObject","inLanguage":"de","@id":"https:\/\/doslovic.com\/de\/produkt\/atherisches-lavendelol\/atherisches-lavendelol\/#primaryimage","url":"https:\/\/doslovic.com\/wp-content\/uploads\/2019\/01\/etericno-ulje.jpg","contentUrl":"https:\/\/doslovic.com\/wp-content\/uploads\/2019\/01\/etericno-ulje.jpg","width":600,"height":679,"caption":"etericno ulje lavande"},{"@type":"BreadcrumbList","@id":"https:\/\/doslovic.com\/de\/produkt\/atherisches-lavendelol\/atherisches-lavendelol\/#breadcrumb","itemListElement":[{"@type":"ListItem","position":1,"name":"Home","item":"https:\/\/doslovic.com\/de\/"},{"@type":"ListItem","position":2,"name":"Trgovina","item":"https:\/\/doslovic.com\/trgovina\/"},{"@type":"ListItem","position":3,"name":"\u00c4therisches Lavendel\u00f6l"}]},{"@type":"WebSite","@id":"https:\/\/doslovic.com\/#website","url":"https:\/\/doslovic.com\/","name":"Do\u0161lovi\u0107","description":"","potentialAction":[{"@type":"SearchAction","target":{"@type":"EntryPoint","urlTemplate":"https:\/\/doslovic.com\/?s={search_term_string}"},"query-input":{"@type":"PropertyValueSpecification","valueRequired":true,"valueName":"search_term_string"}}],"inLanguage":"de"}]}},"_links":{"self":[{"href":"https:\/\/doslovic.com\/de\/wp-json\/wp\/v2\/product\/1662","targetHints":{"allow":["GET"]}}],"collection":[{"href":"https:\/\/doslovic.com\/de\/wp-json\/wp\/v2\/product"}],"about":[{"href":"https:\/\/doslovic.com\/de\/wp-json\/wp\/v2\/types\/product"}],"wp:featuredmedia":[{"embeddable":true,"href":"https:\/\/doslovic.com\/de\/wp-json\/wp\/v2\/media\/2316"}],"wp:attachment":[{"href":"https:\/\/doslovic.com\/de\/wp-json\/wp\/v2\/media?parent=1662"}],"wp:term":[{"taxonomy":"product_brand","embeddable":true,"href":"https:\/\/doslovic.com\/de\/wp-json\/wp\/v2\/product_brand?post=1662"},{"taxonomy":"product_cat","embeddable":true,"href":"https:\/\/doslovic.com\/de\/wp-json\/wp\/v2\/product_cat?post=1662"},{"taxonomy":"product_tag","embeddable":true,"href":"https:\/\/doslovic.com\/de\/wp-json\/wp\/v2\/product_tag?post=1662"}],"curies":[{"name":"wp","href":"https:\/\/api.w.org\/{rel}","templated":true}]}}