{"id":2111,"date":"2018-12-20T08:08:53","date_gmt":"2018-12-20T08:08:53","guid":{"rendered":"https:\/\/doslovic.com\/in-tourism"},"modified":"2019-01-03T08:08:45","modified_gmt":"2019-01-03T08:08:45","slug":"im-tourismus","status":"publish","type":"page","link":"https:\/\/doslovic.com\/de\/im-tourismus\/","title":{"rendered":"Im Tourismus"},"content":{"rendered":"\n\n\t<section class=\"section dark\" id=\"section_1697309561\">\n\t\t<div class=\"section-bg fill\" >\n\t\t\t\t\t\t\t\t\t\n\t\t\t\n\n\t\t<\/div>\n\n\t\t\n\n\t\t<div class=\"section-content relative\">\n\t\t\t\n\n<p style=\"text-align: center;\"><em>Wir alle wissen, dass Lavendel eine beruhigende Wirkung hat, uns entspannt und uns zufrieden macht, aber wussten Sie, dass diese P\ufb02anze \u201eK\u00f6nigin des Mittelmeers\u201c genannt wird? Gerade wegen ihrer besonderen Nuance der violetten Farbe und ihres aromatischen Duftes, gilt sie von alters her als k\u00f6nigliche P\ufb02anze, und heute ist sie als ein Markenzeichen des Mittelmeers bekannt. Weshalb? Weil ihr Duft Erinnerungen an den Sand unter den F\u00fc\u00dfen, den Geruch des Meersalzes und das Ger\u00e4usch der Wellen w\u00e4hrend der Sommerabendspazierg\u00e4nge an der K\u00fcste weckt.<\/em><\/p>\n<p style=\"text-align: center;\">Dieses nostalgische Sommerferien-Gef\u00fchl hat uns angeregt, <strong>PERSONALISIERTE LAVENDELBEUTEL<\/strong> zu entwerfen, die eine perfekte Erinnerung an den Aufenthalt in<strong> IHREM HOTEL<\/strong> sein wird. Sie erf\u00fcllen nicht nur die R\u00e4ume mit einem entspannenden Duft, sondern sind auch ein ideales Geschenk, das Ihre G\u00e4ste nach Hause mitnehmen und sie tagt\u00e4glich an die unvergessliche Zeit in <strong>IHREM HOTEL<\/strong> erinnern wird.<\/p>\n<div class=\"text-center\"><div class=\"is-divider divider clearfix\" ><\/div><\/div>\n\n<p style=\"text-align: center;\">Hier k\u00f6nnen Sie sich unsere Brosch\u00fcren ansehen und herunterladen. Die Brosch\u00fcren sind in drei Sprachen verf\u00fcgbar: Kroatisch, Englisch und Deutsch.<br \/>Sie k\u00f6nnen uns gerne per <a href=\"https:\/\/doslovic.com\/de\/kontakt\">E-Mail oder Telefon<\/a> kontaktieren, wenn Sie eine Brosch\u00fcre in Ihrem Hotel w\u00fcnschen. Wir senden sie Ihnen gerne zu.<\/p>\n<div class=\"text-center\"><div class=\"is-divider divider clearfix\" ><\/div><\/div>\n\n<div class=\"row row-collapse align-center\"  id=\"row-1240291407\">\n\n\n\t<div id=\"col-1422509350\" class=\"col medium-4 small-12 large-3\"  >\n\t\t\t\t<div class=\"col-inner text-center dark\"  >\n\t\t\t\n\t\t\t\n\n<a href=\"https:\/\/doslovic.com\/wp-content\/uploads\/2018\/12\/Do\u0161lovi\u0107-lavanda-1.pdf\" target=\"_blank\" class=\"button white is-outline\" rel=\"noopener\" >\n\t\t<span>Brosch\u00fcre Kroatisch<\/span>\n\t<\/a>\n\n\n\n\t\t<\/div>\n\t\t\t\t\n<style>\n#col-1422509350 > .col-inner {\n  padding: 0px 0px 0px 0px;\n}\n<\/style>\n\t<\/div>\n\n\t\n\n\t<div id=\"col-756798342\" class=\"col medium-4 small-12 large-3\"  >\n\t\t\t\t<div class=\"col-inner text-center\"  >\n\t\t\t\n\t\t\t\n\n<a href=\"https:\/\/doslovic.com\/wp-content\/uploads\/2018\/12\/Do\u0161lovi\u0107-lavender.pdf\" target=\"_blank\" class=\"button white is-outline\" rel=\"noopener\" >\n\t\t<span>Brosch\u00fcre Englisch<\/span>\n\t<\/a>\n\n\n\n\t\t<\/div>\n\t\t\t\t\t<\/div>\n\n\t\n\n\t<div id=\"col-1870729690\" class=\"col medium-4 small-12 large-3\"  >\n\t\t\t\t<div class=\"col-inner text-center\"  >\n\t\t\t\n\t\t\t\n\n<a href=\"https:\/\/doslovic.com\/wp-content\/uploads\/2018\/12\/Do\u0161lovi\u0107-lavendel.pdf\" target=\"_blank\" class=\"button white is-outline\" rel=\"noopener\" >\n\t\t<span>Brosch\u00fcre Deutsch<\/span>\n\t<\/a>\n\n\n\n\t\t<\/div>\n\t\t\t\t\t<\/div>\n\n\t\n\n\n<style>\n#row-1240291407 > .col > .col-inner {\n  padding: 0px 0px 0px 0px;\n}\n<\/style>\n<\/div>\n\n\t\t<\/div>\n\n\t\t\n<style>\n#section_1697309561 {\n  padding-top: 30px;\n  padding-bottom: 30px;\n  background-color: rgb(181, 82, 238);\n}\n<\/style>\n\t<\/section>\n\t\n\n\t<section class=\"section center\" id=\"section_1596829691\">\n\t\t<div class=\"section-bg fill\" >\n\t\t\t\t\t\t\t\t\t\n\t\t\t\n\n\t\t<\/div>\n\n\t\t\n\n\t\t<div class=\"section-content relative\">\n\t\t\t\n\n<div class=\"container section-title-container\" ><h3 class=\"section-title section-title-center\"><b aria-hidden=\"true\"><\/b><span class=\"section-title-main\" ><i class=\"icon-star\" aria-hidden=\"true\"><\/i>UNSERE STOLZEN BENUTZER<\/span><b aria-hidden=\"true\"><\/b><\/h3><\/div>\n\n<div class=\"row row-small align-center row-box-shadow-2\" style=\"max-width:900px\" id=\"row-2004212991\">\n\n\n\t<div id=\"col-1787285580\" class=\"col medium-4 small-12 large-4\"  >\n\t\t\t\t<div class=\"col-inner\"  >\n\t\t\t\n\t\t\t\n\n\t<div class=\"img has-hover x md-x lg-x y md-y lg-y\" id=\"image_787667099\">\n\t\t\t\t\t\t\t\t<div class=\"img-inner image-cover dark\" style=\"padding-top:100%;\">\n\t\t\t<img loading=\"lazy\" decoding=\"async\" width=\"500\" height=\"600\" src=\"https:\/\/doslovic.com\/wp-content\/uploads\/2018\/12\/kvarner.png\" class=\"attachment-large size-large\" alt=\"kvarner\" srcset=\"https:\/\/doslovic.com\/wp-content\/uploads\/2018\/12\/kvarner.png 500w, https:\/\/doslovic.com\/wp-content\/uploads\/2018\/12\/kvarner-333x400.png 333w, https:\/\/doslovic.com\/wp-content\/uploads\/2018\/12\/kvarner-17x20.png 17w\" sizes=\"auto, (max-width: 500px) 100vw, 500px\" \/>\t\t\t\t\t\t\n\t\t\t\t\t<\/div>\n\t\t\t\t\t\t\t\t\n<style>\n#image_787667099 {\n  width: 100%;\n}\n<\/style>\n\t<\/div>\n\t\n\n\n\t\t<\/div>\n\t\t\t\t\t<\/div>\n\n\t\n\n\t<div id=\"col-1727581613\" class=\"col medium-4 small-12 large-4\"  >\n\t\t\t\t<div class=\"col-inner\"  >\n\t\t\t\n\t\t\t\n\n\t<div class=\"img has-hover x md-x lg-x y md-y lg-y\" id=\"image_1054649006\">\n\t\t\t\t\t\t\t\t<div class=\"img-inner image-cover dark\" style=\"padding-top:100%;\">\n\t\t\t<img loading=\"lazy\" decoding=\"async\" width=\"600\" height=\"590\" src=\"https:\/\/doslovic.com\/wp-content\/uploads\/2018\/12\/opatija-1.png\" class=\"attachment-large size-large\" alt=\"opatija\" \/>\t\t\t\t\t\t\n\t\t\t\t\t<\/div>\n\t\t\t\t\t\t\t\t\n<style>\n#image_1054649006 {\n  width: 100%;\n}\n<\/style>\n\t<\/div>\n\t\n\n\n\t\t<\/div>\n\t\t\t\t\t<\/div>\n\n\t\n\n\t<div id=\"col-388136333\" class=\"col medium-4 small-12 large-4\"  >\n\t\t\t\t<div class=\"col-inner\"  >\n\t\t\t\n\t\t\t\n\n\t<div class=\"img has-hover x md-x lg-x y md-y lg-y\" id=\"image_1227030513\">\n\t\t\t\t\t\t\t\t<div class=\"img-inner image-cover dark\" style=\"padding-top:100%;\">\n\t\t\t<img loading=\"lazy\" decoding=\"async\" width=\"600\" height=\"600\" src=\"https:\/\/doslovic.com\/wp-content\/uploads\/2018\/12\/falkensteinser.png\" class=\"attachment-large size-large\" alt=\"falkensteiner\" srcset=\"https:\/\/doslovic.com\/wp-content\/uploads\/2018\/12\/falkensteinser.png 600w, https:\/\/doslovic.com\/wp-content\/uploads\/2018\/12\/falkensteinser-100x100.png 100w\" sizes=\"auto, (max-width: 600px) 100vw, 600px\" \/>\t\t\t\t\t\t\n\t\t\t\t\t<\/div>\n\t\t\t\t\t\t\t\t\n<style>\n#image_1227030513 {\n  width: 100%;\n}\n<\/style>\n\t<\/div>\n\t\n\n\n\t\t<\/div>\n\t\t\t\t\t<\/div>\n\n\t\n\n\t<div id=\"col-1428412411\" class=\"col medium-4 small-12 large-4\"  >\n\t\t\t\t<div class=\"col-inner\"  >\n\t\t\t\n\t\t\t\n\n\t<div class=\"img has-hover x md-x lg-x y md-y lg-y\" id=\"image_644400295\">\n\t\t\t\t\t\t\t\t<div class=\"img-inner image-cover dark\" style=\"padding-top:100%;\">\n\t\t\t<img loading=\"lazy\" decoding=\"async\" width=\"533\" height=\"533\" src=\"https:\/\/doslovic.com\/wp-content\/uploads\/2018\/12\/x-boutique-2.png\" class=\"attachment-large size-large\" alt=\"x boutique\" srcset=\"https:\/\/doslovic.com\/wp-content\/uploads\/2018\/12\/x-boutique-2.png 533w, https:\/\/doslovic.com\/wp-content\/uploads\/2018\/12\/x-boutique-2-100x100.png 100w\" sizes=\"auto, (max-width: 533px) 100vw, 533px\" \/>\t\t\t\t\t\t\n\t\t\t\t\t<\/div>\n\t\t\t\t\t\t\t\t\n<style>\n#image_644400295 {\n  width: 100%;\n}\n<\/style>\n\t<\/div>\n\t\n\n\n\t\t<\/div>\n\t\t\t\t\t<\/div>\n\n\t\n\n\t<div id=\"col-345724925\" class=\"col medium-4 small-12 large-4\"  >\n\t\t\t\t<div class=\"col-inner\"  >\n\t\t\t\n\t\t\t\n\n\t<div class=\"img has-hover x md-x lg-x y md-y lg-y\" id=\"image_791627465\">\n\t\t\t\t\t\t\t\t<div class=\"img-inner image-cover dark\" style=\"padding-top:100%;\">\n\t\t\t<img loading=\"lazy\" decoding=\"async\" width=\"500\" height=\"500\" src=\"https:\/\/doslovic.com\/wp-content\/uploads\/2018\/12\/villa-Margaret-1.png\" class=\"attachment-large size-large\" alt=\"villa Margaret\" srcset=\"https:\/\/doslovic.com\/wp-content\/uploads\/2018\/12\/villa-Margaret-1.png 500w, https:\/\/doslovic.com\/wp-content\/uploads\/2018\/12\/villa-Margaret-1-100x100.png 100w\" sizes=\"auto, (max-width: 500px) 100vw, 500px\" \/>\t\t\t\t\t\t\n\t\t\t\t\t<\/div>\n\t\t\t\t\t\t\t\t\n<style>\n#image_791627465 {\n  width: 100%;\n}\n<\/style>\n\t<\/div>\n\t\n\n\n\t\t<\/div>\n\t\t\t\t\t<\/div>\n\n\t\n\n\t<div id=\"col-1971884631\" class=\"col medium-4 small-12 large-4\"  >\n\t\t\t\t<div class=\"col-inner\"  >\n\t\t\t\n\t\t\t\n\n\t<div class=\"img has-hover x md-x lg-x y md-y lg-y\" id=\"image_661924378\">\n\t\t\t\t\t\t\t\t<div class=\"img-inner image-cover dark\" style=\"padding-top:100%;\">\n\t\t\t<img loading=\"lazy\" decoding=\"async\" width=\"600\" height=\"600\" src=\"https:\/\/doslovic.com\/wp-content\/uploads\/2018\/12\/bretanide.png\" class=\"attachment-large size-large\" alt=\"bretanide\" srcset=\"https:\/\/doslovic.com\/wp-content\/uploads\/2018\/12\/bretanide.png 600w, https:\/\/doslovic.com\/wp-content\/uploads\/2018\/12\/bretanide-100x100.png 100w\" sizes=\"auto, (max-width: 600px) 100vw, 600px\" \/>\t\t\t\t\t\t\n\t\t\t\t\t<\/div>\n\t\t\t\t\t\t\t\t\n<style>\n#image_661924378 {\n  width: 100%;\n}\n<\/style>\n\t<\/div>\n\t\n\n\n\t\t<\/div>\n\t\t\t\t\t<\/div>\n\n\t\n\n\n<style>\n#row-2004212991 > .col > .col-inner {\n  padding: 0px 0px 0px 0px;\n}\n<\/style>\n<\/div>\n\n\t\t<\/div>\n\n\t\t\n<style>\n#section_1596829691 {\n  padding-top: 30px;\n  padding-bottom: 30px;\n}\n<\/style>\n\t<\/section>\n\t\n\n","protected":false},"excerpt":{"rendered":"","protected":false},"author":1,"featured_media":0,"parent":0,"menu_order":0,"comment_status":"closed","ping_status":"closed","template":"","meta":{"footnotes":""},"class_list":["post-2111","page","type-page","status-publish","hentry"],"yoast_head":"<!-- This site is optimized with the Yoast SEO plugin v27.4 - https:\/\/yoast.com\/product\/yoast-seo-wordpress\/ -->\n<title>Im Tourismus - Do\u0161lovi\u0107<\/title>\n<meta name=\"robots\" content=\"index, follow, max-snippet:-1, max-image-preview:large, max-video-preview:-1\" \/>\n<link rel=\"canonical\" href=\"https:\/\/doslovic.com\/de\/im-tourismus\/\" \/>\n<meta property=\"og:locale\" content=\"de_DE\" \/>\n<meta property=\"og:type\" content=\"article\" \/>\n<meta property=\"og:title\" content=\"Im Tourismus - Do\u0161lovi\u0107\" \/>\n<meta property=\"og:url\" content=\"https:\/\/doslovic.com\/de\/im-tourismus\/\" \/>\n<meta property=\"og:site_name\" content=\"Do\u0161lovi\u0107\" \/>\n<meta property=\"article:modified_time\" content=\"2019-01-03T08:08:45+00:00\" \/>\n<meta name=\"twitter:card\" content=\"summary_large_image\" \/>\n<meta name=\"twitter:label1\" content=\"Gesch\u00e4tzte Lesezeit\" \/>\n\t<meta name=\"twitter:data1\" content=\"2\u00a0Minuten\" \/>\n<script type=\"application\/ld+json\" class=\"yoast-schema-graph\">{\"@context\":\"https:\\\/\\\/schema.org\",\"@graph\":[{\"@type\":\"WebPage\",\"@id\":\"https:\\\/\\\/doslovic.com\\\/de\\\/im-tourismus\\\/\",\"url\":\"https:\\\/\\\/doslovic.com\\\/de\\\/im-tourismus\\\/\",\"name\":\"Im Tourismus - Do\u0161lovi\u0107\",\"isPartOf\":{\"@id\":\"https:\\\/\\\/doslovic.com\\\/#website\"},\"datePublished\":\"2018-12-20T08:08:53+00:00\",\"dateModified\":\"2019-01-03T08:08:45+00:00\",\"breadcrumb\":{\"@id\":\"https:\\\/\\\/doslovic.com\\\/de\\\/im-tourismus\\\/#breadcrumb\"},\"inLanguage\":\"de\",\"potentialAction\":[{\"@type\":\"ReadAction\",\"target\":[\"https:\\\/\\\/doslovic.com\\\/de\\\/im-tourismus\\\/\"]}]},{\"@type\":\"BreadcrumbList\",\"@id\":\"https:\\\/\\\/doslovic.com\\\/de\\\/im-tourismus\\\/#breadcrumb\",\"itemListElement\":[{\"@type\":\"ListItem\",\"position\":1,\"name\":\"Home\",\"item\":\"https:\\\/\\\/doslovic.com\\\/de\\\/\"},{\"@type\":\"ListItem\",\"position\":2,\"name\":\"Im Tourismus\"}]},{\"@type\":\"WebSite\",\"@id\":\"https:\\\/\\\/doslovic.com\\\/#website\",\"url\":\"https:\\\/\\\/doslovic.com\\\/\",\"name\":\"Do\u0161lovi\u0107\",\"description\":\"\",\"potentialAction\":[{\"@type\":\"SearchAction\",\"target\":{\"@type\":\"EntryPoint\",\"urlTemplate\":\"https:\\\/\\\/doslovic.com\\\/?s={search_term_string}\"},\"query-input\":{\"@type\":\"PropertyValueSpecification\",\"valueRequired\":true,\"valueName\":\"search_term_string\"}}],\"inLanguage\":\"de\"}]}<\/script>\n<!-- \/ Yoast SEO plugin. -->","yoast_head_json":{"title":"Im Tourismus - Do\u0161lovi\u0107","robots":{"index":"index","follow":"follow","max-snippet":"max-snippet:-1","max-image-preview":"max-image-preview:large","max-video-preview":"max-video-preview:-1"},"canonical":"https:\/\/doslovic.com\/de\/im-tourismus\/","og_locale":"de_DE","og_type":"article","og_title":"Im Tourismus - Do\u0161lovi\u0107","og_url":"https:\/\/doslovic.com\/de\/im-tourismus\/","og_site_name":"Do\u0161lovi\u0107","article_modified_time":"2019-01-03T08:08:45+00:00","twitter_card":"summary_large_image","twitter_misc":{"Gesch\u00e4tzte Lesezeit":"2\u00a0Minuten"},"schema":{"@context":"https:\/\/schema.org","@graph":[{"@type":"WebPage","@id":"https:\/\/doslovic.com\/de\/im-tourismus\/","url":"https:\/\/doslovic.com\/de\/im-tourismus\/","name":"Im Tourismus - Do\u0161lovi\u0107","isPartOf":{"@id":"https:\/\/doslovic.com\/#website"},"datePublished":"2018-12-20T08:08:53+00:00","dateModified":"2019-01-03T08:08:45+00:00","breadcrumb":{"@id":"https:\/\/doslovic.com\/de\/im-tourismus\/#breadcrumb"},"inLanguage":"de","potentialAction":[{"@type":"ReadAction","target":["https:\/\/doslovic.com\/de\/im-tourismus\/"]}]},{"@type":"BreadcrumbList","@id":"https:\/\/doslovic.com\/de\/im-tourismus\/#breadcrumb","itemListElement":[{"@type":"ListItem","position":1,"name":"Home","item":"https:\/\/doslovic.com\/de\/"},{"@type":"ListItem","position":2,"name":"Im Tourismus"}]},{"@type":"WebSite","@id":"https:\/\/doslovic.com\/#website","url":"https:\/\/doslovic.com\/","name":"Do\u0161lovi\u0107","description":"","potentialAction":[{"@type":"SearchAction","target":{"@type":"EntryPoint","urlTemplate":"https:\/\/doslovic.com\/?s={search_term_string}"},"query-input":{"@type":"PropertyValueSpecification","valueRequired":true,"valueName":"search_term_string"}}],"inLanguage":"de"}]}},"_links":{"self":[{"href":"https:\/\/doslovic.com\/de\/wp-json\/wp\/v2\/pages\/2111","targetHints":{"allow":["GET"]}}],"collection":[{"href":"https:\/\/doslovic.com\/de\/wp-json\/wp\/v2\/pages"}],"about":[{"href":"https:\/\/doslovic.com\/de\/wp-json\/wp\/v2\/types\/page"}],"author":[{"embeddable":true,"href":"https:\/\/doslovic.com\/de\/wp-json\/wp\/v2\/users\/1"}],"replies":[{"embeddable":true,"href":"https:\/\/doslovic.com\/de\/wp-json\/wp\/v2\/comments?post=2111"}],"version-history":[{"count":21,"href":"https:\/\/doslovic.com\/de\/wp-json\/wp\/v2\/pages\/2111\/revisions"}],"predecessor-version":[{"id":2313,"href":"https:\/\/doslovic.com\/de\/wp-json\/wp\/v2\/pages\/2111\/revisions\/2313"}],"wp:attachment":[{"href":"https:\/\/doslovic.com\/de\/wp-json\/wp\/v2\/media?parent=2111"}],"curies":[{"name":"wp","href":"https:\/\/api.w.org\/{rel}","templated":true}]}}