{"id":1687,"date":"2018-11-19T09:32:42","date_gmt":"2018-11-19T09:32:42","guid":{"rendered":"https:\/\/doslovic.com\/nasi-proizvodi"},"modified":"2020-11-18T17:13:34","modified_gmt":"2020-11-18T17:13:34","slug":"produkte","status":"publish","type":"page","link":"https:\/\/doslovic.com\/de\/produkte\/","title":{"rendered":"Produkte"},"content":{"rendered":"\n<div class=\"slider-wrapper relative\" id=\"slider-40284211\" >\n    <div class=\"slider slider-nav-circle slider-nav-large slider-nav-light slider-style-normal slider-show-nav\"\n        data-flickity-options='{\n            \"cellAlign\": \"center\",\n            \"imagesLoaded\": true,\n            \"lazyLoad\": 1,\n            \"freeScroll\": false,\n            \"wrapAround\": true,\n            \"autoPlay\": 6000,\n            \"pauseAutoPlayOnHover\" : true,\n            \"prevNextButtons\": true,\n            \"contain\" : true,\n            \"adaptiveHeight\" : true,\n            \"dragThreshold\" : 10,\n            \"percentPosition\": true,\n            \"pageDots\": true,\n            \"rightToLeft\": false,\n            \"draggable\": true,\n            \"selectedAttraction\": 0.1,\n            \"parallax\" : 0,\n            \"friction\": 0.6        }'\n        >\n        \n\n\t<div class=\"img has-hover x md-x lg-x y md-y lg-y\" id=\"image_1388740653\">\n\t\t\t\t\t\t\t\t<div class=\"img-inner image-cover dark\" style=\"padding-top:50%;\">\n\t\t\t<img loading=\"lazy\" decoding=\"async\" width=\"1020\" height=\"644\" src=\"https:\/\/doslovic.com\/wp-content\/uploads\/2018\/12\/vre\u0107ice-lavande.jpg\" class=\"attachment-large size-large\" alt=\"vre\u0107ice lavande\" srcset=\"https:\/\/doslovic.com\/wp-content\/uploads\/2018\/12\/vre\u0107ice-lavande.jpg 1170w, https:\/\/doslovic.com\/wp-content\/uploads\/2018\/12\/vre\u0107ice-lavande-600x379.jpg 600w\" sizes=\"auto, (max-width: 1020px) 100vw, 1020px\" \/>\t\t\t\t\t\t\n\t\t\t\t\t<\/div>\n\t\t\t\t\t\t\t\t\n<style>\n#image_1388740653 {\n  width: 100%;\n}\n<\/style>\n\t<\/div>\n\t\n\n\t<div class=\"img has-hover x md-x lg-x y md-y lg-y\" id=\"image_755935360\">\n\t\t\t\t\t\t\t\t<div class=\"img-inner image-cover dark\" style=\"padding-top:50%;\">\n\t\t\t<img loading=\"lazy\" decoding=\"async\" width=\"1020\" height=\"737\" src=\"https:\/\/doslovic.com\/wp-content\/uploads\/2018\/11\/JD7B5034-scaled.jpg\" class=\"attachment-large size-large\" alt=\"Mirisne svije\u0107e\" srcset=\"https:\/\/doslovic.com\/wp-content\/uploads\/2018\/11\/JD7B5034-scaled.jpg 2560w, https:\/\/doslovic.com\/wp-content\/uploads\/2018\/11\/JD7B5034-scaled-600x433.jpg 600w\" sizes=\"auto, (max-width: 1020px) 100vw, 1020px\" \/>\t\t\t\t\t\t\n\t\t\t\t\t<\/div>\n\t\t\t\t\t\t\t\t\n<style>\n#image_755935360 {\n  width: 100%;\n}\n<\/style>\n\t<\/div>\n\t\n\n\n     <\/div>\n\n     <div class=\"loading-spin dark large centered\"><\/div>\n\n\t<\/div>\n\n\n<div class=\"row align-center\" style=\"max-width:\" id=\"row-670950129\">\n\n\n\t<div id=\"col-1296986117\" class=\"col large-12\"  >\n\t\t\t\t<div class=\"col-inner text-center\"  >\n\t\t\t\n\t\t\t\n\n<p><span style=\"font-size: 20.16px; color: #333333;\">Alle Lavendelprodukte aus unserem kleinen Katalog stellen wir auch nach Sonderbestellungen her. Wenn Sie gr\u00f6\u00dfere Mengen bestellen, k\u00f6nnen wir Ihnen nach Ihrem Wunsch ein Logo oder ein anderes Motiv drucken.<\/span><\/p>\n<div class=\"page_content_with_categories clearfix\">\n<p>Da ein Lavendelbeutel ein \u00e4u\u00dferst beliebtes und akzeptiertes Souvenir ist, sind wir sicher, dass Sie durchs Verschenken oder den Verkauf von Beuteln mit der Werbung Ihres Unternehmens zus\u00e4tzlich zur Affirmation Ihrer Gesch\u00e4ftigkeit beitragen.<\/p>\n<p>So wie Sie das Anschauen unserer Produkte genossen haben, haben Sie auch die M\u00f6glichkeit, ihren einzigartigen Geruch zu genie\u00dfen.<\/p>\n<p><em>&#8222;Wir freuen uns auf Ihre Bestellung. Sie k\u00f6nnen uns per <a href=\"\/kontakt\">E-Mail<\/a> oder <a href=\"tel:+385 91 546 6034\">Telefon kontaktieren<\/a>.&#8220;<\/em><\/p>\n<\/div>\n\n\t\t<\/div>\n\t\t\t\t\t<\/div>\n\n\t\n\n<\/div>\n<div class=\"row\"  id=\"row-118315448\">\n\n\n\t<div id=\"col-907225310\" class=\"col small-12 large-12\"  >\n\t\t\t\t<div class=\"col-inner text-left\"  >\n\t\t\t\n\t\t\t\n\n\n  \n    <div class=\"row large-columns-7 medium-columns-7 small-columns-2 row-small\" >\n  <div class=\"product-category col\" >\n            <div class=\"col-inner\">\n              <a aria-label=\"Produktkategorie \u00c4therisches Lavendel\u00f6l besuchen\" href=\"https:\/\/doslovic.com\/de\/produkte\/atherisches-lavendelol\/\">                <div class=\"box box-category has-hover box-bounce \">\n                <div class=\"box-image\" >\n                  <div class=\"image-overlay-remove-50 image-zoom image-cover\" style=\"padding-top:100%;\">\n                  <img loading=\"lazy\" decoding=\"async\" src=\"https:\/\/doslovic.com\/wp-content\/uploads\/2019\/01\/etericno-ulje.jpg\" alt=\"\u00c4therisches Lavendel\u00f6l\" width=\"300\" height=\"300\" \/>                  <div class=\"overlay\" style=\"background-color: rgba(0, 0, 0, 0.19)\"><\/div>                                    <\/div>\n                <\/div>\n                <div class=\"box-text text-center is-xsmall\" >\n                  <div class=\"box-text-inner\">\n                      <h5 class=\"uppercase header-title\">\n                              \u00c4therisches Lavendel\u00f6l                      <\/h5>\n                                            <p class=\"is-xsmall uppercase count \">\n\t                      1 Produkt                      <\/p>\n                                            \n                  <\/div>\n                <\/div>\n                <\/div>\n            <\/a>            <\/div>\n            <\/div><div class=\"product-category col\" >\n            <div class=\"col-inner\">\n              <a aria-label=\"Produktkategorie Duftende Pakete besuchen\" href=\"https:\/\/doslovic.com\/de\/produkte\/duftende-pakete\/\">                <div class=\"box box-category has-hover box-bounce \">\n                <div class=\"box-image\" >\n                  <div class=\"image-overlay-remove-50 image-zoom image-cover\" style=\"padding-top:100%;\">\n                  <img loading=\"lazy\" decoding=\"async\" src=\"https:\/\/doslovic.com\/wp-content\/uploads\/2019\/01\/duftendes-Lavendelk\u00f6rbchen-4.jpg\" alt=\"Duftende Pakete\" width=\"300\" height=\"300\" \/>                  <div class=\"overlay\" style=\"background-color: rgba(0, 0, 0, 0.19)\"><\/div>                                    <\/div>\n                <\/div>\n                <div class=\"box-text text-center is-xsmall\" >\n                  <div class=\"box-text-inner\">\n                      <h5 class=\"uppercase header-title\">\n                              Duftende Pakete                      <\/h5>\n                                            <p class=\"is-xsmall uppercase count \">\n\t                      3 Produkte                      <\/p>\n                                            \n                  <\/div>\n                <\/div>\n                <\/div>\n            <\/a>            <\/div>\n            <\/div><div class=\"product-category col\" >\n            <div class=\"col-inner\">\n              <a aria-label=\"Produktkategorie Duftkerzen besuchen\" href=\"https:\/\/doslovic.com\/de\/produkte\/duftkerzen\/\">                <div class=\"box box-category has-hover box-bounce \">\n                <div class=\"box-image\" >\n                  <div class=\"image-overlay-remove-50 image-zoom image-cover\" style=\"padding-top:100%;\">\n                  <img loading=\"lazy\" decoding=\"async\" src=\"https:\/\/doslovic.com\/wp-content\/uploads\/2018\/11\/JD7B5034-scaled-600x433.jpg\" alt=\"Duftkerzen\" width=\"300\" height=\"300\" \/>                  <div class=\"overlay\" style=\"background-color: rgba(0, 0, 0, 0.19)\"><\/div>                                    <\/div>\n                <\/div>\n                <div class=\"box-text text-center is-xsmall\" >\n                  <div class=\"box-text-inner\">\n                      <h5 class=\"uppercase header-title\">\n                              Duftkerzen                      <\/h5>\n                                            <p class=\"is-xsmall uppercase count \">\n\t                      8 Produkte                      <\/p>\n                                            \n                  <\/div>\n                <\/div>\n                <\/div>\n            <\/a>            <\/div>\n            <\/div><div class=\"product-category col\" >\n            <div class=\"col-inner\">\n              <a aria-label=\"Produktkategorie Lavendelbeutel besuchen\" href=\"https:\/\/doslovic.com\/de\/produkte\/lavendelbeutel\/\">                <div class=\"box box-category has-hover box-bounce \">\n                <div class=\"box-image\" >\n                  <div class=\"image-overlay-remove-50 image-zoom image-cover\" style=\"padding-top:100%;\">\n                  <img loading=\"lazy\" decoding=\"async\" src=\"https:\/\/doslovic.com\/wp-content\/uploads\/2018\/12\/vre\u0107ice-lavande-600x379.jpg\" alt=\"Lavendelbeutel\" width=\"300\" height=\"300\" \/>                  <div class=\"overlay\" style=\"background-color: rgba(0, 0, 0, 0.19)\"><\/div>                                    <\/div>\n                <\/div>\n                <div class=\"box-text text-center is-xsmall\" >\n                  <div class=\"box-text-inner\">\n                      <h5 class=\"uppercase header-title\">\n                              Lavendelbeutel                      <\/h5>\n                                            <p class=\"is-xsmall uppercase count \">\n\t                      46 Produkte                      <\/p>\n                                            \n                  <\/div>\n                <\/div>\n                <\/div>\n            <\/a>            <\/div>\n            <\/div><div class=\"product-category col\" >\n            <div class=\"col-inner\">\n              <a aria-label=\"Produktkategorie Lavendelhydrolat besuchen\" href=\"https:\/\/doslovic.com\/de\/produkte\/lavendelhydrolat\/\">                <div class=\"box box-category has-hover box-bounce \">\n                <div class=\"box-image\" >\n                  <div class=\"image-overlay-remove-50 image-zoom image-cover\" style=\"padding-top:100%;\">\n                  <img loading=\"lazy\" decoding=\"async\" src=\"https:\/\/doslovic.com\/wp-content\/uploads\/2018\/12\/hidrolat-lavande.jpg\" alt=\"Lavendelhydrolat\" width=\"300\" height=\"300\" \/>                  <div class=\"overlay\" style=\"background-color: rgba(0, 0, 0, 0.19)\"><\/div>                                    <\/div>\n                <\/div>\n                <div class=\"box-text text-center is-xsmall\" >\n                  <div class=\"box-text-inner\">\n                      <h5 class=\"uppercase header-title\">\n                              Lavendelhydrolat                      <\/h5>\n                                            <p class=\"is-xsmall uppercase count \">\n\t                      1 Produkt                      <\/p>\n                                            \n                  <\/div>\n                <\/div>\n                <\/div>\n            <\/a>            <\/div>\n            <\/div><div class=\"product-category col\" >\n            <div class=\"col-inner\">\n              <a aria-label=\"Produktkategorie Lavendelstecklinge besuchen\" href=\"https:\/\/doslovic.com\/de\/produkte\/lavendelstecklinge\/\">                <div class=\"box box-category has-hover box-bounce \">\n                <div class=\"box-image\" >\n                  <div class=\"image-overlay-remove-50 image-zoom image-cover\" style=\"padding-top:100%;\">\n                  <img loading=\"lazy\" decoding=\"async\" src=\"https:\/\/doslovic.com\/wp-content\/uploads\/2018\/11\/sadnice-lavande.jpg\" alt=\"Lavendelstecklinge\" width=\"300\" height=\"300\" \/>                  <div class=\"overlay\" style=\"background-color: rgba(0, 0, 0, 0.19)\"><\/div>                                    <\/div>\n                <\/div>\n                <div class=\"box-text text-center is-xsmall\" >\n                  <div class=\"box-text-inner\">\n                      <h5 class=\"uppercase header-title\">\n                              Lavendelstecklinge                      <\/h5>\n                                            <p class=\"is-xsmall uppercase count \">\n\t                      2 Produkte                      <\/p>\n                                            \n                  <\/div>\n                <\/div>\n                <\/div>\n            <\/a>            <\/div>\n            <\/div><div class=\"product-category col\" >\n            <div class=\"col-inner\">\n              <a aria-label=\"Produktkategorie Trockene Lavendelbl\u00fcten besuchen\" href=\"https:\/\/doslovic.com\/de\/produkte\/trockene-lavendelblueten\/\">                <div class=\"box box-category has-hover box-bounce \">\n                <div class=\"box-image\" >\n                  <div class=\"image-overlay-remove-50 image-zoom image-cover\" style=\"padding-top:100%;\">\n                  <img loading=\"lazy\" decoding=\"async\" src=\"https:\/\/doslovic.com\/wp-content\/uploads\/2018\/11\/suhi-cvijet-lavande-1.jpg\" alt=\"Trockene Lavendelbl\u00fcten\" width=\"300\" height=\"300\" \/>                  <div class=\"overlay\" style=\"background-color: rgba(0, 0, 0, 0.19)\"><\/div>                                    <\/div>\n                <\/div>\n                <div class=\"box-text text-center is-xsmall\" >\n                  <div class=\"box-text-inner\">\n                      <h5 class=\"uppercase header-title\">\n                              Trockene Lavendelbl\u00fcten                      <\/h5>\n                                            <p class=\"is-xsmall uppercase count \">\n\t                      1 Produkt                      <\/p>\n                                            \n                  <\/div>\n                <\/div>\n                <\/div>\n            <\/a>            <\/div>\n            <\/div><\/div>\n\n\n\t\t<\/div>\n\t\t\t\t\t<\/div>\n\n\t\n\n<\/div>\n\n","protected":false},"excerpt":{"rendered":"","protected":false},"author":1,"featured_media":0,"parent":0,"menu_order":0,"comment_status":"closed","ping_status":"closed","template":"page-blank.php","meta":{"footnotes":""},"class_list":["post-1687","page","type-page","status-publish","hentry"],"yoast_head":"<!-- This site is optimized with the Yoast SEO plugin v27.4 - https:\/\/yoast.com\/product\/yoast-seo-wordpress\/ -->\n<title>Lavendel produkte - Do\u0161lovi\u0107<\/title>\n<meta name=\"robots\" content=\"index, follow, max-snippet:-1, max-image-preview:large, max-video-preview:-1\" \/>\n<link rel=\"canonical\" href=\"https:\/\/doslovic.com\/de\/produkte\/\" \/>\n<meta property=\"og:locale\" content=\"de_DE\" \/>\n<meta property=\"og:type\" content=\"article\" \/>\n<meta property=\"og:title\" content=\"Lavendel produkte - Do\u0161lovi\u0107\" \/>\n<meta property=\"og:url\" content=\"https:\/\/doslovic.com\/de\/produkte\/\" \/>\n<meta property=\"og:site_name\" content=\"Do\u0161lovi\u0107\" \/>\n<meta property=\"article:modified_time\" content=\"2020-11-18T17:13:34+00:00\" \/>\n<meta name=\"twitter:card\" content=\"summary_large_image\" \/>\n<meta name=\"twitter:label1\" content=\"Gesch\u00e4tzte Lesezeit\" \/>\n\t<meta name=\"twitter:data1\" content=\"1\u00a0Minute\" \/>\n<script type=\"application\/ld+json\" class=\"yoast-schema-graph\">{\"@context\":\"https:\\\/\\\/schema.org\",\"@graph\":[{\"@type\":\"WebPage\",\"@id\":\"https:\\\/\\\/doslovic.com\\\/de\\\/produkte\\\/\",\"url\":\"https:\\\/\\\/doslovic.com\\\/de\\\/produkte\\\/\",\"name\":\"Lavendel produkte - Do\u0161lovi\u0107\",\"isPartOf\":{\"@id\":\"https:\\\/\\\/doslovic.com\\\/#website\"},\"datePublished\":\"2018-11-19T09:32:42+00:00\",\"dateModified\":\"2020-11-18T17:13:34+00:00\",\"breadcrumb\":{\"@id\":\"https:\\\/\\\/doslovic.com\\\/de\\\/produkte\\\/#breadcrumb\"},\"inLanguage\":\"de\",\"potentialAction\":[{\"@type\":\"ReadAction\",\"target\":[\"https:\\\/\\\/doslovic.com\\\/de\\\/produkte\\\/\"]}]},{\"@type\":\"BreadcrumbList\",\"@id\":\"https:\\\/\\\/doslovic.com\\\/de\\\/produkte\\\/#breadcrumb\",\"itemListElement\":[{\"@type\":\"ListItem\",\"position\":1,\"name\":\"Home\",\"item\":\"https:\\\/\\\/doslovic.com\\\/de\\\/\"},{\"@type\":\"ListItem\",\"position\":2,\"name\":\"Produkte\"}]},{\"@type\":\"WebSite\",\"@id\":\"https:\\\/\\\/doslovic.com\\\/#website\",\"url\":\"https:\\\/\\\/doslovic.com\\\/\",\"name\":\"Do\u0161lovi\u0107\",\"description\":\"\",\"potentialAction\":[{\"@type\":\"SearchAction\",\"target\":{\"@type\":\"EntryPoint\",\"urlTemplate\":\"https:\\\/\\\/doslovic.com\\\/?s={search_term_string}\"},\"query-input\":{\"@type\":\"PropertyValueSpecification\",\"valueRequired\":true,\"valueName\":\"search_term_string\"}}],\"inLanguage\":\"de\"}]}<\/script>\n<!-- \/ Yoast SEO plugin. -->","yoast_head_json":{"title":"Lavendel produkte - Do\u0161lovi\u0107","robots":{"index":"index","follow":"follow","max-snippet":"max-snippet:-1","max-image-preview":"max-image-preview:large","max-video-preview":"max-video-preview:-1"},"canonical":"https:\/\/doslovic.com\/de\/produkte\/","og_locale":"de_DE","og_type":"article","og_title":"Lavendel produkte - Do\u0161lovi\u0107","og_url":"https:\/\/doslovic.com\/de\/produkte\/","og_site_name":"Do\u0161lovi\u0107","article_modified_time":"2020-11-18T17:13:34+00:00","twitter_card":"summary_large_image","twitter_misc":{"Gesch\u00e4tzte Lesezeit":"1\u00a0Minute"},"schema":{"@context":"https:\/\/schema.org","@graph":[{"@type":"WebPage","@id":"https:\/\/doslovic.com\/de\/produkte\/","url":"https:\/\/doslovic.com\/de\/produkte\/","name":"Lavendel produkte - Do\u0161lovi\u0107","isPartOf":{"@id":"https:\/\/doslovic.com\/#website"},"datePublished":"2018-11-19T09:32:42+00:00","dateModified":"2020-11-18T17:13:34+00:00","breadcrumb":{"@id":"https:\/\/doslovic.com\/de\/produkte\/#breadcrumb"},"inLanguage":"de","potentialAction":[{"@type":"ReadAction","target":["https:\/\/doslovic.com\/de\/produkte\/"]}]},{"@type":"BreadcrumbList","@id":"https:\/\/doslovic.com\/de\/produkte\/#breadcrumb","itemListElement":[{"@type":"ListItem","position":1,"name":"Home","item":"https:\/\/doslovic.com\/de\/"},{"@type":"ListItem","position":2,"name":"Produkte"}]},{"@type":"WebSite","@id":"https:\/\/doslovic.com\/#website","url":"https:\/\/doslovic.com\/","name":"Do\u0161lovi\u0107","description":"","potentialAction":[{"@type":"SearchAction","target":{"@type":"EntryPoint","urlTemplate":"https:\/\/doslovic.com\/?s={search_term_string}"},"query-input":{"@type":"PropertyValueSpecification","valueRequired":true,"valueName":"search_term_string"}}],"inLanguage":"de"}]}},"_links":{"self":[{"href":"https:\/\/doslovic.com\/de\/wp-json\/wp\/v2\/pages\/1687","targetHints":{"allow":["GET"]}}],"collection":[{"href":"https:\/\/doslovic.com\/de\/wp-json\/wp\/v2\/pages"}],"about":[{"href":"https:\/\/doslovic.com\/de\/wp-json\/wp\/v2\/types\/page"}],"author":[{"embeddable":true,"href":"https:\/\/doslovic.com\/de\/wp-json\/wp\/v2\/users\/1"}],"replies":[{"embeddable":true,"href":"https:\/\/doslovic.com\/de\/wp-json\/wp\/v2\/comments?post=1687"}],"version-history":[{"count":36,"href":"https:\/\/doslovic.com\/de\/wp-json\/wp\/v2\/pages\/1687\/revisions"}],"predecessor-version":[{"id":2566,"href":"https:\/\/doslovic.com\/de\/wp-json\/wp\/v2\/pages\/1687\/revisions\/2566"}],"wp:attachment":[{"href":"https:\/\/doslovic.com\/de\/wp-json\/wp\/v2\/media?parent=1687"}],"curies":[{"name":"wp","href":"https:\/\/api.w.org\/{rel}","templated":true}]}}